{"id":116,"date":"2018-03-15T07:23:31","date_gmt":"2018-03-15T06:23:31","guid":{"rendered":"https:\/\/dynamixia.fr\/?page_id=116"},"modified":"2018-05-24T07:59:04","modified_gmt":"2018-05-24T05:59:04","slug":"tarifs","status":"publish","type":"page","link":"https:\/\/dynamixia.fr\/index.php\/tarifs\/","title":{"rendered":"Tarifs"},"content":{"rendered":"<h2 style=\"text-align: center;\"><span style=\"color: #800080;\"><strong>Consultations individuelles<br \/>\nPsychologie du travail &#8211; coaching<\/strong><\/span><\/h2>\n<p style=\"text-align: center;\">70\u20ac la premi\u00e8re s\u00e9ance (s\u00e9ance de 2h30 maximum)<br \/>\n60\u20ac les s\u00e9ances suivantes (dans le cadre d&rsquo;un suivi)<br \/>\nTarif r\u00e9duit pour les \u00e9tudiants et b\u00e9n\u00e9ficiaires de minimas sociaux (sur justificatifs)\u00a0 &#8211; Me consulter<\/p>\n<p style=\"text-align: center;\"><strong>** Forfait personnalis\u00e9 en entreprise : sur devis<\/strong><\/p>\n<hr \/>\n<hr \/>\n<p>&nbsp;<\/p>\n<h2 style=\"text-align: center;\"><strong><span style=\"color: #ff6600;\">NOUVEAU !<\/span><\/strong><\/h2>\n<h2 style=\"text-align: center;\"><strong><span style=\"color: #800080;\">Mon programme<br \/>\n\u00ab\u00a0Mon incroyable talent!\u00a0\u00bb<\/span><\/strong><\/h2>\n<p style=\"text-align: center;\">1 test de personnalit\u00e9 (de chez vous, ou en cabinet)<br \/>\n1 compte rendu pr\u00e9cis et d\u00e9taill\u00e9 r\u00e9alis\u00e9 par un psychologue<br \/>\n3 s\u00e9ances de visio-coaching (ou en face \u00e0 face) de 30 min chacune.<\/p>\n<p style=\"text-align: center;\">79\u20ac <img loading=\"lazy\" decoding=\"async\" src=\"https:\/\/www.paypalobjects.com\/fr_FR\/i\/scr\/pixel.gif\" alt=\"\" width=\"1\" height=\"1\" border=\"0\" \/><\/p>\n<hr \/>\n<hr \/>\n<h2 style=\"text-align: center;\"><span style=\"color: #800080;\"><strong>Formations entreprise<\/strong><\/span><\/h2>\n<p style=\"text-align: center;\">Sur devis<\/p>\n<hr \/>\n<hr \/>\n<h2 style=\"text-align: center;\"><strong><span style=\"color: #800080;\">Vid\u00e9os coaching (tout public)<\/span><\/strong><\/h2>\n<p style=\"text-align: center;\">Des vid\u00e9os courtes pour se motiver !<\/p>\n<p style=\"text-align: center;\"><strong>GRATUITS<br \/>\n<\/strong>(pour en savoir plus suivez-moi sur <a href=\"https:\/\/www.facebook.com\/monatelierpsy\/\">Facebook<\/a>)<\/p>\n<p style=\"text-align: center;\"><img loading=\"lazy\" decoding=\"async\" class=\"aligncenter\" src=\"https:\/\/www.paypalobjects.com\/fr_FR\/i\/scr\/pixel.gif\" alt=\"\" width=\"1\" height=\"1\" border=\"0\" \/>\u00a0<img loading=\"lazy\" decoding=\"async\" src=\"https:\/\/www.paypalobjects.com\/fr_FR\/i\/scr\/pixel.gif\" alt=\"\" width=\"1\" height=\"1\" border=\"0\" \/><\/p>\n","protected":false},"excerpt":{"rendered":"<p>Consultations individuelles Psychologie du travail &#8211; coaching 70\u20ac la premi\u00e8re s\u00e9ance (s\u00e9ance de 2h30 maximum) 60\u20ac les s\u00e9ances suivantes (dans le cadre d&rsquo;un suivi) Tarif r\u00e9duit pour les \u00e9tudiants et b\u00e9n\u00e9ficiaires de minimas sociaux (sur justificatifs)\u00a0 &#8211; Me consulter ** Forfait personnalis\u00e9 en entreprise : sur devis &nbsp; NOUVEAU ! Mon programme \u00ab\u00a0Mon incroyable talent!\u00a0\u00bb 1 test de personnalit\u00e9 (de chez vous, ou en cabinet) 1 compte rendu pr\u00e9cis et d\u00e9taill\u00e9 r\u00e9alis\u00e9 par un psychologue 3 s\u00e9ances de visio-coaching (ou en face \u00e0 face) de 30 min chacune. 79\u20ac Formations entreprise Sur devis Vid\u00e9os coaching (tout public) Des vid\u00e9os courtes pour se motiver ! GRATUITS (pour en savoir plus suivez-moi sur Facebook) \u00a0<\/p>\n","protected":false},"author":1,"featured_media":0,"parent":0,"menu_order":0,"comment_status":"closed","ping_status":"closed","template":"","meta":{"footnotes":""},"class_list":["post-116","page","type-page","status-publish","hentry"],"yoast_head":"<!-- This site is optimized with the Yoast SEO plugin v27.2 - https:\/\/yoast.com\/product\/yoast-seo-wordpress\/ -->\n<title>Tarifs - Lucie Ducap Psychologue<\/title>\n<meta name=\"robots\" content=\"index, follow, max-snippet:-1, max-image-preview:large, max-video-preview:-1\" \/>\n<link rel=\"canonical\" href=\"https:\/\/dynamixia.fr\/index.php\/tarifs\/\" \/>\n<meta property=\"og:locale\" content=\"fr_FR\" \/>\n<meta property=\"og:type\" content=\"article\" \/>\n<meta property=\"og:title\" content=\"Tarifs - Lucie Ducap Psychologue\" \/>\n<meta property=\"og:description\" content=\"Consultations individuelles Psychologie du travail &#8211; coaching 70\u20ac la premi\u00e8re s\u00e9ance (s\u00e9ance de 2h30 maximum) 60\u20ac les s\u00e9ances suivantes (dans le cadre d&rsquo;un suivi) Tarif r\u00e9duit pour les \u00e9tudiants et b\u00e9n\u00e9ficiaires de minimas sociaux (sur justificatifs)\u00a0 &#8211; Me consulter ** Forfait personnalis\u00e9 en entreprise : sur devis &nbsp; NOUVEAU ! Mon programme \u00ab\u00a0Mon incroyable talent!\u00a0\u00bb 1 test de personnalit\u00e9 (de chez vous, ou en cabinet) 1 compte rendu pr\u00e9cis et d\u00e9taill\u00e9 r\u00e9alis\u00e9 par un psychologue 3 s\u00e9ances de visio-coaching (ou en face \u00e0 face) de 30 min chacune. 79\u20ac Formations entreprise Sur devis Vid\u00e9os coaching (tout public) Des vid\u00e9os courtes pour se motiver ! GRATUITS (pour en savoir plus suivez-moi sur Facebook) \u00a0\" \/>\n<meta property=\"og:url\" content=\"https:\/\/dynamixia.fr\/index.php\/tarifs\/\" \/>\n<meta property=\"og:site_name\" content=\"Lucie Ducap Psychologue\" \/>\n<meta property=\"article:publisher\" content=\"https:\/\/www.facebook.com\/monatelierpsy\/\" \/>\n<meta property=\"article:modified_time\" content=\"2018-05-24T05:59:04+00:00\" \/>\n<meta property=\"og:image\" content=\"https:\/\/www.paypalobjects.com\/fr_FR\/i\/scr\/pixel.gif\" \/>\n<meta name=\"twitter:card\" content=\"summary_large_image\" \/>\n<meta name=\"twitter:label1\" content=\"Dur\u00e9e de lecture estim\u00e9e\" \/>\n\t<meta name=\"twitter:data1\" content=\"1 minute\" \/>\n<script type=\"application\/ld+json\" class=\"yoast-schema-graph\">{\"@context\":\"https:\/\/schema.org\",\"@graph\":[{\"@type\":\"WebPage\",\"@id\":\"https:\/\/dynamixia.fr\/index.php\/tarifs\/\",\"url\":\"https:\/\/dynamixia.fr\/index.php\/tarifs\/\",\"name\":\"Tarifs - Lucie Ducap Psychologue\",\"isPartOf\":{\"@id\":\"https:\/\/dynamixia.fr\/#website\"},\"primaryImageOfPage\":{\"@id\":\"https:\/\/dynamixia.fr\/index.php\/tarifs\/#primaryimage\"},\"image\":{\"@id\":\"https:\/\/dynamixia.fr\/index.php\/tarifs\/#primaryimage\"},\"thumbnailUrl\":\"https:\/\/www.paypalobjects.com\/fr_FR\/i\/scr\/pixel.gif\",\"datePublished\":\"2018-03-15T06:23:31+00:00\",\"dateModified\":\"2018-05-24T05:59:04+00:00\",\"breadcrumb\":{\"@id\":\"https:\/\/dynamixia.fr\/index.php\/tarifs\/#breadcrumb\"},\"inLanguage\":\"fr-FR\",\"potentialAction\":[{\"@type\":\"ReadAction\",\"target\":[\"https:\/\/dynamixia.fr\/index.php\/tarifs\/\"]}]},{\"@type\":\"ImageObject\",\"inLanguage\":\"fr-FR\",\"@id\":\"https:\/\/dynamixia.fr\/index.php\/tarifs\/#primaryimage\",\"url\":\"https:\/\/www.paypalobjects.com\/fr_FR\/i\/scr\/pixel.gif\",\"contentUrl\":\"https:\/\/www.paypalobjects.com\/fr_FR\/i\/scr\/pixel.gif\"},{\"@type\":\"BreadcrumbList\",\"@id\":\"https:\/\/dynamixia.fr\/index.php\/tarifs\/#breadcrumb\",\"itemListElement\":[{\"@type\":\"ListItem\",\"position\":1,\"name\":\"Accueil\",\"item\":\"https:\/\/dynamixia.fr\/\"},{\"@type\":\"ListItem\",\"position\":2,\"name\":\"Tarifs\"}]},{\"@type\":\"WebSite\",\"@id\":\"https:\/\/dynamixia.fr\/#website\",\"url\":\"https:\/\/dynamixia.fr\/\",\"name\":\"Psychologie du travail - Lucie Ducap\",\"description\":\"Cabinet de psychologie du travail - Meilleure Psychologue \u00e0 Saint-Denis R\u00e9union 97400\",\"potentialAction\":[{\"@type\":\"SearchAction\",\"target\":{\"@type\":\"EntryPoint\",\"urlTemplate\":\"https:\/\/dynamixia.fr\/?s={search_term_string}\"},\"query-input\":{\"@type\":\"PropertyValueSpecification\",\"valueRequired\":true,\"valueName\":\"search_term_string\"}}],\"inLanguage\":\"fr-FR\"}]}<\/script>\n<!-- \/ Yoast SEO plugin. -->","yoast_head_json":{"title":"Tarifs - Lucie Ducap Psychologue","robots":{"index":"index","follow":"follow","max-snippet":"max-snippet:-1","max-image-preview":"max-image-preview:large","max-video-preview":"max-video-preview:-1"},"canonical":"https:\/\/dynamixia.fr\/index.php\/tarifs\/","og_locale":"fr_FR","og_type":"article","og_title":"Tarifs - Lucie Ducap Psychologue","og_description":"Consultations individuelles Psychologie du travail &#8211; coaching 70\u20ac la premi\u00e8re s\u00e9ance (s\u00e9ance de 2h30 maximum) 60\u20ac les s\u00e9ances suivantes (dans le cadre d&rsquo;un suivi) Tarif r\u00e9duit pour les \u00e9tudiants et b\u00e9n\u00e9ficiaires de minimas sociaux (sur justificatifs)\u00a0 &#8211; Me consulter ** Forfait personnalis\u00e9 en entreprise : sur devis &nbsp; NOUVEAU ! Mon programme \u00ab\u00a0Mon incroyable talent!\u00a0\u00bb 1 test de personnalit\u00e9 (de chez vous, ou en cabinet) 1 compte rendu pr\u00e9cis et d\u00e9taill\u00e9 r\u00e9alis\u00e9 par un psychologue 3 s\u00e9ances de visio-coaching (ou en face \u00e0 face) de 30 min chacune. 79\u20ac Formations entreprise Sur devis Vid\u00e9os coaching (tout public) Des vid\u00e9os courtes pour se motiver ! GRATUITS (pour en savoir plus suivez-moi sur Facebook) \u00a0","og_url":"https:\/\/dynamixia.fr\/index.php\/tarifs\/","og_site_name":"Lucie Ducap Psychologue","article_publisher":"https:\/\/www.facebook.com\/monatelierpsy\/","article_modified_time":"2018-05-24T05:59:04+00:00","og_image":[{"url":"https:\/\/www.paypalobjects.com\/fr_FR\/i\/scr\/pixel.gif","type":"","width":"","height":""}],"twitter_card":"summary_large_image","twitter_misc":{"Dur\u00e9e de lecture estim\u00e9e":"1 minute"},"schema":{"@context":"https:\/\/schema.org","@graph":[{"@type":"WebPage","@id":"https:\/\/dynamixia.fr\/index.php\/tarifs\/","url":"https:\/\/dynamixia.fr\/index.php\/tarifs\/","name":"Tarifs - Lucie Ducap Psychologue","isPartOf":{"@id":"https:\/\/dynamixia.fr\/#website"},"primaryImageOfPage":{"@id":"https:\/\/dynamixia.fr\/index.php\/tarifs\/#primaryimage"},"image":{"@id":"https:\/\/dynamixia.fr\/index.php\/tarifs\/#primaryimage"},"thumbnailUrl":"https:\/\/www.paypalobjects.com\/fr_FR\/i\/scr\/pixel.gif","datePublished":"2018-03-15T06:23:31+00:00","dateModified":"2018-05-24T05:59:04+00:00","breadcrumb":{"@id":"https:\/\/dynamixia.fr\/index.php\/tarifs\/#breadcrumb"},"inLanguage":"fr-FR","potentialAction":[{"@type":"ReadAction","target":["https:\/\/dynamixia.fr\/index.php\/tarifs\/"]}]},{"@type":"ImageObject","inLanguage":"fr-FR","@id":"https:\/\/dynamixia.fr\/index.php\/tarifs\/#primaryimage","url":"https:\/\/www.paypalobjects.com\/fr_FR\/i\/scr\/pixel.gif","contentUrl":"https:\/\/www.paypalobjects.com\/fr_FR\/i\/scr\/pixel.gif"},{"@type":"BreadcrumbList","@id":"https:\/\/dynamixia.fr\/index.php\/tarifs\/#breadcrumb","itemListElement":[{"@type":"ListItem","position":1,"name":"Accueil","item":"https:\/\/dynamixia.fr\/"},{"@type":"ListItem","position":2,"name":"Tarifs"}]},{"@type":"WebSite","@id":"https:\/\/dynamixia.fr\/#website","url":"https:\/\/dynamixia.fr\/","name":"Psychologie du travail - Lucie Ducap","description":"Cabinet de psychologie du travail - Meilleure Psychologue \u00e0 Saint-Denis R\u00e9union 97400","potentialAction":[{"@type":"SearchAction","target":{"@type":"EntryPoint","urlTemplate":"https:\/\/dynamixia.fr\/?s={search_term_string}"},"query-input":{"@type":"PropertyValueSpecification","valueRequired":true,"valueName":"search_term_string"}}],"inLanguage":"fr-FR"}]}},"acf":[],"_links":{"self":[{"href":"https:\/\/dynamixia.fr\/index.php\/wp-json\/wp\/v2\/pages\/116","targetHints":{"allow":["GET"]}}],"collection":[{"href":"https:\/\/dynamixia.fr\/index.php\/wp-json\/wp\/v2\/pages"}],"about":[{"href":"https:\/\/dynamixia.fr\/index.php\/wp-json\/wp\/v2\/types\/page"}],"author":[{"embeddable":true,"href":"https:\/\/dynamixia.fr\/index.php\/wp-json\/wp\/v2\/users\/1"}],"replies":[{"embeddable":true,"href":"https:\/\/dynamixia.fr\/index.php\/wp-json\/wp\/v2\/comments?post=116"}],"version-history":[{"count":31,"href":"https:\/\/dynamixia.fr\/index.php\/wp-json\/wp\/v2\/pages\/116\/revisions"}],"predecessor-version":[{"id":328,"href":"https:\/\/dynamixia.fr\/index.php\/wp-json\/wp\/v2\/pages\/116\/revisions\/328"}],"wp:attachment":[{"href":"https:\/\/dynamixia.fr\/index.php\/wp-json\/wp\/v2\/media?parent=116"}],"curies":[{"name":"wp","href":"https:\/\/api.w.org\/{rel}","templated":true}]}}