{"id":2,"date":"2017-11-23T12:26:24","date_gmt":"2017-11-23T11:26:24","guid":{"rendered":"https:\/\/dynamixia.fr\/?page_id=2"},"modified":"2023-08-05T10:30:12","modified_gmt":"2023-08-05T08:30:12","slug":"consultations-psy","status":"publish","type":"page","link":"https:\/\/dynamixia.fr\/index.php\/consultations-psy\/","title":{"rendered":"La consultation psy"},"content":{"rendered":"\n<h2 class=\"wp-block-heading\"><img loading=\"lazy\" decoding=\"async\" width=\"185\" height=\"172\" class=\"wp-image-1064  alignleft\" src=\"https:\/\/dynamixia.fr\/wp-content\/uploads\/2019\/07\/cropped-cropped-LOGO-DYNAMIXIA-FAV-FOND-TRANSPARENT-1.png\" alt=\"\" srcset=\"https:\/\/dynamixia.fr\/wp-content\/uploads\/2019\/07\/cropped-cropped-LOGO-DYNAMIXIA-FAV-FOND-TRANSPARENT-1.png 300w, https:\/\/dynamixia.fr\/wp-content\/uploads\/2019\/07\/cropped-cropped-LOGO-DYNAMIXIA-FAV-FOND-TRANSPARENT-1-50x47.png 50w\" sizes=\"auto, (max-width: 185px) 100vw, 185px\" \/><\/h2>\n\n\n\n<h2 class=\"wp-block-heading\">Ce qu&rsquo;une consultation psy n&rsquo;est pas&#8230;<\/h2>\n\n\n\n<ul class=\"wp-block-list\">\n<li>Ce n&rsquo;est pas un d\u00e9bit de conseils tout fait,&nbsp;<\/li>\n\n\n\n<li>Ni un monologue o\u00f9 vous \u00eates seul.e \u00e0 parler, pendant que l&rsquo;autre gribouille des petits dessins sur son carnet,<\/li>\n\n\n\n<li>Encore moins un moment o\u00f9 vous vous faites taper sur les doigts.<\/li>\n<\/ul>\n\n\n\n<p><strong>C&rsquo;est un \u00e9change bienveillant, entre deux personnes \u00e9gales (il n&rsquo;y a pas d&rsquo;\u00eatre sup\u00e9rieur ou inf\u00e9rieur), cherchant \u00e0 se comprendre, une relation d&rsquo;\u00e9coute et de compr\u00e9hension, bas\u00e9e sur le respect et l&rsquo;amour.<\/strong><\/p>\n\n\n\n<p>Sachez que dans une consultation, je prends conscience autant que vous. <strong>Il n&rsquo;y a pas de questions idiotes, ni insens\u00e9es. Il n&rsquo;y a pas d\u2019exp\u00e9riences bizarres, ni de cas d\u00e9sesp\u00e9r\u00e9s.<\/strong><\/p>\n\n\n\n<p>Je m&rsquo;appuie sur une pratique positive et humaniste de la psychologie, de l&rsquo;accompagnement global de la personne vers son \u00ab\u00a0mieux-\u00eatre\u00a0\u00bb. La personne est au c\u0153ur de son changement, acteur de son changement.<\/p>\n\n\n\n<p>La particularit\u00e9 de mon<strong data-redactor-tag=\"strong\">&nbsp;cabinet<\/strong>&nbsp;repose sur le leitmotiv de l&rsquo;accompagnement: <strong>ce ne sont pas les troubles qui sont au c\u0153ur de la consultation, <\/strong>mais la recherche de<strong> sens et de solutions<\/strong>.<\/p>\n\n\n\n<hr class=\"wp-block-separator has-alpha-channel-opacity\"\/>\n\n\n\n<blockquote class=\"wp-block-quote is-layout-flow wp-block-quote-is-layout-flow\">\n<p>Ne cessez jamais de poser des questions&nbsp;<\/p>\n\n\n\n<p>En posant des questions, vous vous mettez \u00e0 explorer les domaines de votre existence. Et \u00e0 qui adressez-vous ces questions ?<\/p>\n\n\n\n<p>A votre moi int\u00e9rieur. Le po\u00e8te R\u00fbm\u00ee dit: \u00ab\u00a0Tout l&rsquo;univers existe en vous ; c&rsquo;est \u00e0 vous-m\u00eame qu&rsquo;il faut tout demander.\u00a0\u00bb<\/p>\n\n\n\n<p>L&rsquo;accomplissement de vos d\u00e9sirs et les r\u00e9ponses \u00e0 vos questions proviennent de la cr\u00e9ativit\u00e9 de votre \u00e2me ; il n&rsquo;existe rien qui ne puisse \u00eatre r\u00e9solu en laissant votre \u00e2me y trouver une solution cr\u00e9ative.&nbsp;<\/p>\n\n\n\n<p>N&rsquo;arr\u00eatez jamais de poser des questions. Ne cherchez pas les r\u00e9ponses, mais posez vos questions. Le pouvoir qui sommeille en nous ne s&rsquo;\u00e9veille avant que nous n&rsquo;y fassions appel.<\/p>\n\n\n\n<p>Deepak Chopra,<em> Pouvoir, Libert\u00e9 et Gr\u00e2ce<\/em><\/p>\n<\/blockquote>\n\n\n\n<hr class=\"wp-block-separator has-alpha-channel-opacity\"\/>\n\n\n\n<h2 class=\"wp-block-heading\">CONSULTER POUR QUOI ?<\/h2>\n\n\n\n<hr class=\"wp-block-separator has-css-opacity\"\/>\n\n\n\n<h4 class=\"wp-block-heading\">SURMONTER DES SITUATIONS PROFESSIONNELLES DIFFICILES <\/h4>\n\n\n\n<div class=\"wp-block-media-text alignwide\" style=\"grid-template-columns:41% auto\"><figure class=\"wp-block-media-text__media\"><img loading=\"lazy\" decoding=\"async\" width=\"500\" height=\"500\" src=\"https:\/\/dynamixia.fr\/wp-content\/uploads\/2019\/08\/stress.png\" alt=\"\" class=\"wp-image-700 size-full\" srcset=\"https:\/\/dynamixia.fr\/wp-content\/uploads\/2019\/08\/stress.png 500w, https:\/\/dynamixia.fr\/wp-content\/uploads\/2019\/08\/stress-150x150.png 150w, https:\/\/dynamixia.fr\/wp-content\/uploads\/2019\/08\/stress-300x300.png 300w, https:\/\/dynamixia.fr\/wp-content\/uploads\/2019\/08\/stress-50x50.png 50w, https:\/\/dynamixia.fr\/wp-content\/uploads\/2019\/08\/stress-75x75.png 75w, https:\/\/dynamixia.fr\/wp-content\/uploads\/2019\/08\/stress-100x100.png 100w\" sizes=\"auto, (max-width: 500px) 100vw, 500px\" \/><\/figure><div class=\"wp-block-media-text__content\">\n<p>\u00c9puisement professionnel<\/p>\n\n\n\n<p>Stress, anxi\u00e9t\u00e9<\/p>\n\n\n\n<p>Gestion du temps de travail,<\/p>\n\n\n\n<p>Conciliation vie professionnelle et vie priv\u00e9e,<\/p>\n\n\n\n<p>Ennui au travail, baisse de la motivation, etc.<\/p>\n\n\n\n<p>Gestions des \u00e9motions au travail<\/p>\n<\/div><\/div>\n\n\n\n<h4 class=\"wp-block-heading\">S\u2019ORIENTER \u2013 CHANGER DE CAP <\/h4>\n\n\n\n<div class=\"wp-block-media-text alignwide\" style=\"grid-template-columns:41% auto\"><figure class=\"wp-block-media-text__media\"><img loading=\"lazy\" decoding=\"async\" width=\"500\" height=\"500\" src=\"https:\/\/dynamixia.fr\/wp-content\/uploads\/2019\/08\/orientation.png\" alt=\"\" class=\"wp-image-703 size-full\" srcset=\"https:\/\/dynamixia.fr\/wp-content\/uploads\/2019\/08\/orientation.png 500w, https:\/\/dynamixia.fr\/wp-content\/uploads\/2019\/08\/orientation-150x150.png 150w, https:\/\/dynamixia.fr\/wp-content\/uploads\/2019\/08\/orientation-300x300.png 300w, https:\/\/dynamixia.fr\/wp-content\/uploads\/2019\/08\/orientation-50x50.png 50w, https:\/\/dynamixia.fr\/wp-content\/uploads\/2019\/08\/orientation-75x75.png 75w, https:\/\/dynamixia.fr\/wp-content\/uploads\/2019\/08\/orientation-100x100.png 100w\" sizes=\"auto, (max-width: 500px) 100vw, 500px\" \/><\/figure><div class=\"wp-block-media-text__content\">\n<p>Pour trouver ma voie, \u00e0 16 ans, 30 ans ou tout au long de ma carri\u00e8re.<\/p>\n\n\n\n<p>\u00c9laborer un projet professionnel en parfaite ad\u00e9quation avec moi-m\u00eame.<\/p>\n\n\n\n<p>Identifier pour quel(s) m\u00e9tier(s) je suis fait(e).<\/p>\n\n\n\n<p>Me reconvertir dans quelque chose qui me pla\u00eet vraiment<\/p>\n\n\n\n<p>Trouver la motivation pour booster ma carri\u00e8re<\/p>\n\n\n\n<p>Pr\u00e9parer&nbsp;mon&nbsp;d\u00e9part&nbsp;serein&nbsp;\u00e0&nbsp;la&nbsp;retraite<\/p>\n<\/div><\/div>\n\n\n\n<h4 class=\"wp-block-heading\">SE CONNA\u00ceTRE \u2013 S\u2019ACCOMPLIR <\/h4>\n\n\n\n<div class=\"wp-block-media-text alignwide\" style=\"grid-template-columns:41% auto\"><figure class=\"wp-block-media-text__media\"><img loading=\"lazy\" decoding=\"async\" width=\"500\" height=\"500\" src=\"https:\/\/dynamixia.fr\/wp-content\/uploads\/2019\/08\/personnalit\u00e9.png\" alt=\"\" class=\"wp-image-704 size-full\" srcset=\"https:\/\/dynamixia.fr\/wp-content\/uploads\/2019\/08\/personnalit\u00e9.png 500w, https:\/\/dynamixia.fr\/wp-content\/uploads\/2019\/08\/personnalit\u00e9-150x150.png 150w, https:\/\/dynamixia.fr\/wp-content\/uploads\/2019\/08\/personnalit\u00e9-300x300.png 300w, https:\/\/dynamixia.fr\/wp-content\/uploads\/2019\/08\/personnalit\u00e9-50x50.png 50w, https:\/\/dynamixia.fr\/wp-content\/uploads\/2019\/08\/personnalit\u00e9-75x75.png 75w, https:\/\/dynamixia.fr\/wp-content\/uploads\/2019\/08\/personnalit\u00e9-100x100.png 100w\" sizes=\"auto, (max-width: 500px) 100vw, 500px\" \/><\/figure><div class=\"wp-block-media-text__content\">\n<p>Parler lib\u00e8re, fait prendre conscience, \u00e9claire l&rsquo;esprit et redonne espoir. Parler \u00e0 quelqu&rsquo;un, c&rsquo;est se parler \u00e0 soi-m\u00eame. Redonner du sens \u00e0 son existence.  <\/p>\n\n\n\n<p>La consultation psychologique permet de redessiner les contours de sa nouvelle vie, de se donner une chance de rena\u00eetre \u00e0 soi et au monde, en un \u00eatre plus align\u00e9 \u00e0 ses valeurs. <\/p>\n<\/div><\/div>\n\n\n\n<hr class=\"wp-block-separator has-css-opacity\"\/>\n\n\n\n<hr class=\"wp-block-separator has-css-opacity\"\/>\n\n\n\n<h2 class=\"wp-block-heading has-text-align-center\">TARIFS HABITUELS &#8211; Consultations<\/h2>\n\n\n\n<h3 class=\"wp-block-heading has-text-align-center\"> Premi\u00e8re consultation : 1h30 &#8211; <span class=\"has-inline-color has-very-dark-gray-color\">100\u20ac<\/span><br><br>Heures suivantes de consultation : 1h &#8211; 70\u20ac<\/h3>\n\n\n\n<hr class=\"wp-block-separator has-css-opacity\"\/>\n\n\n\n<div class=\"wp-block-button has-custom-width wp-block-button__width-75 has-custom-font-size aligncenter is-style-fill has-medium-font-size\"><a class=\"wp-block-button__link has-black-color has-pale-cyan-blue-background-color has-text-color has-background has-text-align-center wp-element-button\" href=\"https:\/\/koalendar.com\/e\/rendez-vous-psychologue\" target=\"_blank\" rel=\"noreferrer noopener\">Prendre un RDV<\/a><\/div>\n","protected":false},"excerpt":{"rendered":"<p>Ce qu&rsquo;une consultation psy n&rsquo;est pas&#8230; C&rsquo;est un \u00e9change bienveillant, entre deux personnes \u00e9gales (il n&rsquo;y a pas d&rsquo;\u00eatre sup\u00e9rieur ou inf\u00e9rieur), cherchant \u00e0 se comprendre, une relation d&rsquo;\u00e9coute et de compr\u00e9hension, bas\u00e9e sur le respect et l&rsquo;amour. Sachez que dans une consultation, je prends conscience autant que vous. Il n&rsquo;y a pas de questions idiotes, ni insens\u00e9es. Il n&rsquo;y a pas d\u2019exp\u00e9riences bizarres, ni de cas d\u00e9sesp\u00e9r\u00e9s. Je m&rsquo;appuie sur une pratique positive et humaniste de la psychologie, de l&rsquo;accompagnement global de la personne vers son \u00ab\u00a0mieux-\u00eatre\u00a0\u00bb. La personne est au c\u0153ur de son changement, acteur de son changement. La particularit\u00e9 de mon&nbsp;cabinet&nbsp;repose sur le leitmotiv de l&rsquo;accompagnement: ce ne sont pas les troubles qui sont au c\u0153ur de la consultation, mais la recherche de sens et de solutions. Ne cessez jamais de poser des questions&nbsp; En posant des questions, vous vous mettez \u00e0 explorer les domaines de votre existence. Et \u00e0 qui adressez-vous ces questions ? A votre moi int\u00e9rieur. Le po\u00e8te R\u00fbm\u00ee dit: \u00ab\u00a0Tout l&rsquo;univers existe en vous ; c&rsquo;est \u00e0 vous-m\u00eame qu&rsquo;il faut tout demander.\u00a0\u00bb L&rsquo;accomplissement de vos d\u00e9sirs et les r\u00e9ponses \u00e0 vos questions proviennent de la cr\u00e9ativit\u00e9 de votre \u00e2me ; il n&rsquo;existe rien qui ne puisse \u00eatre r\u00e9solu en laissant votre \u00e2me y trouver une solution cr\u00e9ative.&nbsp; N&rsquo;arr\u00eatez jamais de poser des questions. Ne cherchez pas les r\u00e9ponses, mais posez vos questions. Le pouvoir qui sommeille en nous ne s&rsquo;\u00e9veille avant que nous n&rsquo;y fassions appel. Deepak Chopra, Pouvoir, Libert\u00e9 et Gr\u00e2ce CONSULTER POUR QUOI ? SURMONTER DES SITUATIONS PROFESSIONNELLES DIFFICILES \u00c9puisement professionnel Stress, anxi\u00e9t\u00e9 Gestion du temps de travail, Conciliation vie professionnelle et vie priv\u00e9e, Ennui au travail, baisse de la motivation, etc. Gestions des \u00e9motions au travail S\u2019ORIENTER \u2013 CHANGER DE CAP Pour trouver ma voie, \u00e0 16 ans, 30 ans ou tout au long de ma carri\u00e8re. \u00c9laborer un projet professionnel en parfaite ad\u00e9quation avec moi-m\u00eame. Identifier pour quel(s) m\u00e9tier(s) je suis fait(e). Me reconvertir dans quelque chose qui me pla\u00eet vraiment Trouver la motivation pour booster ma carri\u00e8re Pr\u00e9parer&nbsp;mon&nbsp;d\u00e9part&nbsp;serein&nbsp;\u00e0&nbsp;la&nbsp;retraite SE CONNA\u00ceTRE \u2013 S\u2019ACCOMPLIR Parler lib\u00e8re, fait prendre conscience, \u00e9claire l&rsquo;esprit et redonne espoir. Parler \u00e0 quelqu&rsquo;un, c&rsquo;est se parler \u00e0 soi-m\u00eame. Redonner du sens \u00e0 son existence. La consultation psychologique permet de redessiner les contours de sa nouvelle vie, de se donner une chance de rena\u00eetre \u00e0 soi et au monde, en un \u00eatre plus align\u00e9 \u00e0 ses valeurs. TARIFS HABITUELS &#8211; Consultations Premi\u00e8re consultation : 1h30 &#8211; 100\u20ac Heures suivantes de consultation : 1h &#8211; 70\u20ac<\/p>\n","protected":false},"author":1,"featured_media":0,"parent":0,"menu_order":0,"comment_status":"closed","ping_status":"closed","template":"","meta":{"footnotes":""},"class_list":["post-2","page","type-page","status-publish","hentry"],"yoast_head":"<!-- This site is optimized with the Yoast SEO plugin v27.2 - https:\/\/yoast.com\/product\/yoast-seo-wordpress\/ -->\n<title>La consultation psy - Lucie Ducap Psychologue<\/title>\n<meta name=\"description\" content=\"C&#039;est un \u00e9change bienveillant, entre deux personnes \u00e9gales cherchant \u00e0 se comprendre, une relation d&#039;\u00e9coute et de compr\u00e9hension, bas\u00e9e sur le respect et l&#039;amour.\" \/>\n<meta name=\"robots\" content=\"index, follow, max-snippet:-1, max-image-preview:large, max-video-preview:-1\" \/>\n<link rel=\"canonical\" href=\"https:\/\/dynamixia.fr\/index.php\/consultations-psy\/\" \/>\n<meta property=\"og:locale\" content=\"fr_FR\" \/>\n<meta property=\"og:type\" content=\"article\" \/>\n<meta property=\"og:title\" content=\"La consultation psy - Lucie Ducap Psychologue\" \/>\n<meta property=\"og:description\" content=\"C&#039;est un \u00e9change bienveillant, entre deux personnes \u00e9gales cherchant \u00e0 se comprendre, une relation d&#039;\u00e9coute et de compr\u00e9hension, bas\u00e9e sur le respect et l&#039;amour.\" \/>\n<meta property=\"og:url\" content=\"https:\/\/dynamixia.fr\/index.php\/consultations-psy\/\" \/>\n<meta property=\"og:site_name\" content=\"Lucie Ducap Psychologue\" \/>\n<meta property=\"article:publisher\" content=\"https:\/\/www.facebook.com\/monatelierpsy\/\" \/>\n<meta property=\"article:modified_time\" content=\"2023-08-05T08:30:12+00:00\" \/>\n<meta property=\"og:image\" content=\"https:\/\/dynamixia.fr\/wp-content\/uploads\/2019\/07\/cropped-cropped-LOGO-DYNAMIXIA-FAV-FOND-TRANSPARENT-1.png\" \/>\n<meta name=\"twitter:card\" content=\"summary_large_image\" \/>\n<meta name=\"twitter:label1\" content=\"Dur\u00e9e de lecture estim\u00e9e\" \/>\n\t<meta name=\"twitter:data1\" content=\"3 minutes\" \/>\n<script type=\"application\/ld+json\" class=\"yoast-schema-graph\">{\"@context\":\"https:\/\/schema.org\",\"@graph\":[{\"@type\":\"WebPage\",\"@id\":\"https:\/\/dynamixia.fr\/index.php\/consultations-psy\/\",\"url\":\"https:\/\/dynamixia.fr\/index.php\/consultations-psy\/\",\"name\":\"La consultation psy - Lucie Ducap Psychologue\",\"isPartOf\":{\"@id\":\"https:\/\/dynamixia.fr\/#website\"},\"primaryImageOfPage\":{\"@id\":\"https:\/\/dynamixia.fr\/index.php\/consultations-psy\/#primaryimage\"},\"image\":{\"@id\":\"https:\/\/dynamixia.fr\/index.php\/consultations-psy\/#primaryimage\"},\"thumbnailUrl\":\"https:\/\/dynamixia.fr\/wp-content\/uploads\/2019\/07\/cropped-cropped-LOGO-DYNAMIXIA-FAV-FOND-TRANSPARENT-1.png\",\"datePublished\":\"2017-11-23T11:26:24+00:00\",\"dateModified\":\"2023-08-05T08:30:12+00:00\",\"description\":\"C'est un \u00e9change bienveillant, entre deux personnes \u00e9gales cherchant \u00e0 se comprendre, une relation d'\u00e9coute et de compr\u00e9hension, bas\u00e9e sur le respect et l'amour.\",\"breadcrumb\":{\"@id\":\"https:\/\/dynamixia.fr\/index.php\/consultations-psy\/#breadcrumb\"},\"inLanguage\":\"fr-FR\",\"potentialAction\":[{\"@type\":\"ReadAction\",\"target\":[\"https:\/\/dynamixia.fr\/index.php\/consultations-psy\/\"]}]},{\"@type\":\"ImageObject\",\"inLanguage\":\"fr-FR\",\"@id\":\"https:\/\/dynamixia.fr\/index.php\/consultations-psy\/#primaryimage\",\"url\":\"https:\/\/dynamixia.fr\/wp-content\/uploads\/2019\/07\/cropped-cropped-LOGO-DYNAMIXIA-FAV-FOND-TRANSPARENT-1.png\",\"contentUrl\":\"https:\/\/dynamixia.fr\/wp-content\/uploads\/2019\/07\/cropped-cropped-LOGO-DYNAMIXIA-FAV-FOND-TRANSPARENT-1.png\",\"width\":300,\"height\":280},{\"@type\":\"BreadcrumbList\",\"@id\":\"https:\/\/dynamixia.fr\/index.php\/consultations-psy\/#breadcrumb\",\"itemListElement\":[{\"@type\":\"ListItem\",\"position\":1,\"name\":\"Accueil\",\"item\":\"https:\/\/dynamixia.fr\/\"},{\"@type\":\"ListItem\",\"position\":2,\"name\":\"La consultation psy\"}]},{\"@type\":\"WebSite\",\"@id\":\"https:\/\/dynamixia.fr\/#website\",\"url\":\"https:\/\/dynamixia.fr\/\",\"name\":\"Psychologie du travail - Lucie Ducap\",\"description\":\"Cabinet de psychologie du travail - Meilleure Psychologue \u00e0 Saint-Denis R\u00e9union 97400\",\"potentialAction\":[{\"@type\":\"SearchAction\",\"target\":{\"@type\":\"EntryPoint\",\"urlTemplate\":\"https:\/\/dynamixia.fr\/?s={search_term_string}\"},\"query-input\":{\"@type\":\"PropertyValueSpecification\",\"valueRequired\":true,\"valueName\":\"search_term_string\"}}],\"inLanguage\":\"fr-FR\"}]}<\/script>\n<!-- \/ Yoast SEO plugin. -->","yoast_head_json":{"title":"La consultation psy - Lucie Ducap Psychologue","description":"C'est un \u00e9change bienveillant, entre deux personnes \u00e9gales cherchant \u00e0 se comprendre, une relation d'\u00e9coute et de compr\u00e9hension, bas\u00e9e sur le respect et l'amour.","robots":{"index":"index","follow":"follow","max-snippet":"max-snippet:-1","max-image-preview":"max-image-preview:large","max-video-preview":"max-video-preview:-1"},"canonical":"https:\/\/dynamixia.fr\/index.php\/consultations-psy\/","og_locale":"fr_FR","og_type":"article","og_title":"La consultation psy - Lucie Ducap Psychologue","og_description":"C'est un \u00e9change bienveillant, entre deux personnes \u00e9gales cherchant \u00e0 se comprendre, une relation d'\u00e9coute et de compr\u00e9hension, bas\u00e9e sur le respect et l'amour.","og_url":"https:\/\/dynamixia.fr\/index.php\/consultations-psy\/","og_site_name":"Lucie Ducap Psychologue","article_publisher":"https:\/\/www.facebook.com\/monatelierpsy\/","article_modified_time":"2023-08-05T08:30:12+00:00","og_image":[{"url":"https:\/\/dynamixia.fr\/wp-content\/uploads\/2019\/07\/cropped-cropped-LOGO-DYNAMIXIA-FAV-FOND-TRANSPARENT-1.png","type":"","width":"","height":""}],"twitter_card":"summary_large_image","twitter_misc":{"Dur\u00e9e de lecture estim\u00e9e":"3 minutes"},"schema":{"@context":"https:\/\/schema.org","@graph":[{"@type":"WebPage","@id":"https:\/\/dynamixia.fr\/index.php\/consultations-psy\/","url":"https:\/\/dynamixia.fr\/index.php\/consultations-psy\/","name":"La consultation psy - Lucie Ducap Psychologue","isPartOf":{"@id":"https:\/\/dynamixia.fr\/#website"},"primaryImageOfPage":{"@id":"https:\/\/dynamixia.fr\/index.php\/consultations-psy\/#primaryimage"},"image":{"@id":"https:\/\/dynamixia.fr\/index.php\/consultations-psy\/#primaryimage"},"thumbnailUrl":"https:\/\/dynamixia.fr\/wp-content\/uploads\/2019\/07\/cropped-cropped-LOGO-DYNAMIXIA-FAV-FOND-TRANSPARENT-1.png","datePublished":"2017-11-23T11:26:24+00:00","dateModified":"2023-08-05T08:30:12+00:00","description":"C'est un \u00e9change bienveillant, entre deux personnes \u00e9gales cherchant \u00e0 se comprendre, une relation d'\u00e9coute et de compr\u00e9hension, bas\u00e9e sur le respect et l'amour.","breadcrumb":{"@id":"https:\/\/dynamixia.fr\/index.php\/consultations-psy\/#breadcrumb"},"inLanguage":"fr-FR","potentialAction":[{"@type":"ReadAction","target":["https:\/\/dynamixia.fr\/index.php\/consultations-psy\/"]}]},{"@type":"ImageObject","inLanguage":"fr-FR","@id":"https:\/\/dynamixia.fr\/index.php\/consultations-psy\/#primaryimage","url":"https:\/\/dynamixia.fr\/wp-content\/uploads\/2019\/07\/cropped-cropped-LOGO-DYNAMIXIA-FAV-FOND-TRANSPARENT-1.png","contentUrl":"https:\/\/dynamixia.fr\/wp-content\/uploads\/2019\/07\/cropped-cropped-LOGO-DYNAMIXIA-FAV-FOND-TRANSPARENT-1.png","width":300,"height":280},{"@type":"BreadcrumbList","@id":"https:\/\/dynamixia.fr\/index.php\/consultations-psy\/#breadcrumb","itemListElement":[{"@type":"ListItem","position":1,"name":"Accueil","item":"https:\/\/dynamixia.fr\/"},{"@type":"ListItem","position":2,"name":"La consultation psy"}]},{"@type":"WebSite","@id":"https:\/\/dynamixia.fr\/#website","url":"https:\/\/dynamixia.fr\/","name":"Psychologie du travail - Lucie Ducap","description":"Cabinet de psychologie du travail - Meilleure Psychologue \u00e0 Saint-Denis R\u00e9union 97400","potentialAction":[{"@type":"SearchAction","target":{"@type":"EntryPoint","urlTemplate":"https:\/\/dynamixia.fr\/?s={search_term_string}"},"query-input":{"@type":"PropertyValueSpecification","valueRequired":true,"valueName":"search_term_string"}}],"inLanguage":"fr-FR"}]}},"acf":[],"_links":{"self":[{"href":"https:\/\/dynamixia.fr\/index.php\/wp-json\/wp\/v2\/pages\/2","targetHints":{"allow":["GET"]}}],"collection":[{"href":"https:\/\/dynamixia.fr\/index.php\/wp-json\/wp\/v2\/pages"}],"about":[{"href":"https:\/\/dynamixia.fr\/index.php\/wp-json\/wp\/v2\/types\/page"}],"author":[{"embeddable":true,"href":"https:\/\/dynamixia.fr\/index.php\/wp-json\/wp\/v2\/users\/1"}],"replies":[{"embeddable":true,"href":"https:\/\/dynamixia.fr\/index.php\/wp-json\/wp\/v2\/comments?post=2"}],"version-history":[{"count":51,"href":"https:\/\/dynamixia.fr\/index.php\/wp-json\/wp\/v2\/pages\/2\/revisions"}],"predecessor-version":[{"id":1306,"href":"https:\/\/dynamixia.fr\/index.php\/wp-json\/wp\/v2\/pages\/2\/revisions\/1306"}],"wp:attachment":[{"href":"https:\/\/dynamixia.fr\/index.php\/wp-json\/wp\/v2\/media?parent=2"}],"curies":[{"name":"wp","href":"https:\/\/api.w.org\/{rel}","templated":true}]}}