{"id":7,"date":"2017-11-29T19:35:32","date_gmt":"2017-11-29T18:35:32","guid":{"rendered":"https:\/\/dynamixia.fr\/?page_id=7"},"modified":"2018-03-17T17:42:40","modified_gmt":"2018-03-17T16:42:40","slug":"accueil","status":"publish","type":"page","link":"https:\/\/dynamixia.fr\/index.php\/accueil\/","title":{"rendered":"Bienvenue"},"content":{"rendered":"<p style=\"text-align: center;\">Bonjour, soyez ici chez vous.<\/p>\n<p style=\"text-align: center;\">Toutes vos questions n&rsquo;auront peut-\u00eatre pas de r\u00e9ponses, mais vous les \u00eatre pos\u00e9es vous a d\u00e9j\u00e0 conduis sur le chemin de la gu\u00e9rison int\u00e9rieure.<\/p>\n<p style=\"text-align: center;\">Mon r\u00f4le est de vous le d\u00e9montrer.<\/p>\n<p style=\"text-align: center;\">Dynamixia &#8211; Lucie Ducap, est un cabinet de psychologie du travail et coaching en \u00e9panouissement professionnel et personnel \u00e0 la R\u00e9union, sp\u00e9cialis\u00e9 dans l\u2019accompagnement dans les transformations professionnelles, les probl\u00e9matiques li\u00e9es au travail (stress, anxi\u00e9t\u00e9, burn-out ou \u00e9puisement, recherche d&#8217;emploi, orientation, reconversion, fin de carri\u00e8re, etc.)<\/p>\n<p style=\"text-align: center;\">Je propose \u00e9galement des formations destin\u00e9es aux entreprises du secteur public et priv\u00e9.<\/p>\n<p style=\"text-align: center;\">Des ateliers gratuits de coaching en \u00e9panouissement professionnel et personnel ouverts \u00e0 tous.<\/p>\n<p style=\"text-align: center;\">Je m&rsquo;adresse aux salari\u00e9s en activit\u00e9, demandeurs d&#8217;emploi, \u00e9tudiants, entrepreneurs, etc.<\/p>\n<p style=\"text-align: center;\">Les consultations se font uniquement sur rendez-vous.<\/p>\n","protected":false},"excerpt":{"rendered":"<p>Bonjour, soyez ici chez vous. Toutes vos questions n&rsquo;auront peut-\u00eatre pas de r\u00e9ponses, mais vous les \u00eatre pos\u00e9es vous a d\u00e9j\u00e0 conduis sur le chemin de la gu\u00e9rison int\u00e9rieure. Mon r\u00f4le est de vous le d\u00e9montrer. Dynamixia &#8211; Lucie Ducap, est un cabinet de psychologie du travail et coaching en \u00e9panouissement professionnel et personnel \u00e0 la R\u00e9union, sp\u00e9cialis\u00e9 dans l\u2019accompagnement dans les transformations professionnelles, les probl\u00e9matiques li\u00e9es au travail (stress, anxi\u00e9t\u00e9, burn-out ou \u00e9puisement, recherche d&#8217;emploi, orientation, reconversion, fin de carri\u00e8re, etc.) Je propose \u00e9galement des formations destin\u00e9es aux entreprises du secteur public et priv\u00e9. Des ateliers gratuits de coaching en \u00e9panouissement professionnel et personnel ouverts \u00e0 tous. Je m&rsquo;adresse aux salari\u00e9s en activit\u00e9, demandeurs d&#8217;emploi, \u00e9tudiants, entrepreneurs, etc. Les consultations se font uniquement sur rendez-vous.<\/p>\n","protected":false},"author":1,"featured_media":88,"parent":0,"menu_order":0,"comment_status":"closed","ping_status":"closed","template":"template-homepage.php","meta":{"footnotes":""},"class_list":["post-7","page","type-page","status-publish","has-post-thumbnail","hentry"],"yoast_head":"<!-- This site is optimized with the Yoast SEO plugin v27.2 - https:\/\/yoast.com\/product\/yoast-seo-wordpress\/ -->\n<title>Bienvenue - Lucie Ducap Psychologue<\/title>\n<meta name=\"robots\" content=\"index, follow, max-snippet:-1, max-image-preview:large, max-video-preview:-1\" \/>\n<link rel=\"canonical\" href=\"https:\/\/dynamixia.fr\/index.php\/accueil\/\" \/>\n<meta property=\"og:locale\" content=\"fr_FR\" \/>\n<meta property=\"og:type\" content=\"article\" \/>\n<meta property=\"og:title\" content=\"Bienvenue - Lucie Ducap Psychologue\" \/>\n<meta property=\"og:description\" content=\"Bonjour, soyez ici chez vous. Toutes vos questions n&rsquo;auront peut-\u00eatre pas de r\u00e9ponses, mais vous les \u00eatre pos\u00e9es vous a d\u00e9j\u00e0 conduis sur le chemin de la gu\u00e9rison int\u00e9rieure. Mon r\u00f4le est de vous le d\u00e9montrer. Dynamixia &#8211; Lucie Ducap, est un cabinet de psychologie du travail et coaching en \u00e9panouissement professionnel et personnel \u00e0 la R\u00e9union, sp\u00e9cialis\u00e9 dans l\u2019accompagnement dans les transformations professionnelles, les probl\u00e9matiques li\u00e9es au travail (stress, anxi\u00e9t\u00e9, burn-out ou \u00e9puisement, recherche d&#8217;emploi, orientation, reconversion, fin de carri\u00e8re, etc.) Je propose \u00e9galement des formations destin\u00e9es aux entreprises du secteur public et priv\u00e9. Des ateliers gratuits de coaching en \u00e9panouissement professionnel et personnel ouverts \u00e0 tous. Je m&rsquo;adresse aux salari\u00e9s en activit\u00e9, demandeurs d&#8217;emploi, \u00e9tudiants, entrepreneurs, etc. Les consultations se font uniquement sur rendez-vous.\" \/>\n<meta property=\"og:url\" content=\"https:\/\/dynamixia.fr\/index.php\/accueil\/\" \/>\n<meta property=\"og:site_name\" content=\"Lucie Ducap Psychologue\" \/>\n<meta property=\"article:publisher\" content=\"https:\/\/www.facebook.com\/monatelierpsy\/\" \/>\n<meta property=\"article:modified_time\" content=\"2018-03-17T16:42:40+00:00\" \/>\n<meta property=\"og:image\" content=\"https:\/\/dynamixia.fr\/wp-content\/uploads\/2017\/12\/backgroung-wood-1024x1024.jpg\" \/>\n\t<meta property=\"og:image:width\" content=\"1024\" \/>\n\t<meta property=\"og:image:height\" content=\"1024\" \/>\n\t<meta property=\"og:image:type\" content=\"image\/jpeg\" \/>\n<meta name=\"twitter:card\" content=\"summary_large_image\" \/>\n<meta name=\"twitter:label1\" content=\"Dur\u00e9e de lecture estim\u00e9e\" \/>\n\t<meta name=\"twitter:data1\" content=\"1 minute\" \/>\n<script type=\"application\/ld+json\" class=\"yoast-schema-graph\">{\"@context\":\"https:\/\/schema.org\",\"@graph\":[{\"@type\":\"WebPage\",\"@id\":\"https:\/\/dynamixia.fr\/index.php\/accueil\/\",\"url\":\"https:\/\/dynamixia.fr\/index.php\/accueil\/\",\"name\":\"Bienvenue - Lucie Ducap Psychologue\",\"isPartOf\":{\"@id\":\"https:\/\/dynamixia.fr\/#website\"},\"primaryImageOfPage\":{\"@id\":\"https:\/\/dynamixia.fr\/index.php\/accueil\/#primaryimage\"},\"image\":{\"@id\":\"https:\/\/dynamixia.fr\/index.php\/accueil\/#primaryimage\"},\"thumbnailUrl\":\"https:\/\/dynamixia.fr\/wp-content\/uploads\/2017\/12\/backgroung-wood.jpg\",\"datePublished\":\"2017-11-29T18:35:32+00:00\",\"dateModified\":\"2018-03-17T16:42:40+00:00\",\"breadcrumb\":{\"@id\":\"https:\/\/dynamixia.fr\/index.php\/accueil\/#breadcrumb\"},\"inLanguage\":\"fr-FR\",\"potentialAction\":[{\"@type\":\"ReadAction\",\"target\":[\"https:\/\/dynamixia.fr\/index.php\/accueil\/\"]}]},{\"@type\":\"ImageObject\",\"inLanguage\":\"fr-FR\",\"@id\":\"https:\/\/dynamixia.fr\/index.php\/accueil\/#primaryimage\",\"url\":\"https:\/\/dynamixia.fr\/wp-content\/uploads\/2017\/12\/backgroung-wood.jpg\",\"contentUrl\":\"https:\/\/dynamixia.fr\/wp-content\/uploads\/2017\/12\/backgroung-wood.jpg\",\"width\":3450,\"height\":3450,\"caption\":\"pine wood texture\"},{\"@type\":\"BreadcrumbList\",\"@id\":\"https:\/\/dynamixia.fr\/index.php\/accueil\/#breadcrumb\",\"itemListElement\":[{\"@type\":\"ListItem\",\"position\":1,\"name\":\"Accueil\",\"item\":\"https:\/\/dynamixia.fr\/\"},{\"@type\":\"ListItem\",\"position\":2,\"name\":\"Bienvenue\"}]},{\"@type\":\"WebSite\",\"@id\":\"https:\/\/dynamixia.fr\/#website\",\"url\":\"https:\/\/dynamixia.fr\/\",\"name\":\"Psychologie du travail - Lucie Ducap\",\"description\":\"Cabinet de psychologie du travail - Meilleure Psychologue \u00e0 Saint-Denis R\u00e9union 97400\",\"potentialAction\":[{\"@type\":\"SearchAction\",\"target\":{\"@type\":\"EntryPoint\",\"urlTemplate\":\"https:\/\/dynamixia.fr\/?s={search_term_string}\"},\"query-input\":{\"@type\":\"PropertyValueSpecification\",\"valueRequired\":true,\"valueName\":\"search_term_string\"}}],\"inLanguage\":\"fr-FR\"}]}<\/script>\n<!-- \/ Yoast SEO plugin. -->","yoast_head_json":{"title":"Bienvenue - Lucie Ducap Psychologue","robots":{"index":"index","follow":"follow","max-snippet":"max-snippet:-1","max-image-preview":"max-image-preview:large","max-video-preview":"max-video-preview:-1"},"canonical":"https:\/\/dynamixia.fr\/index.php\/accueil\/","og_locale":"fr_FR","og_type":"article","og_title":"Bienvenue - Lucie Ducap Psychologue","og_description":"Bonjour, soyez ici chez vous. Toutes vos questions n&rsquo;auront peut-\u00eatre pas de r\u00e9ponses, mais vous les \u00eatre pos\u00e9es vous a d\u00e9j\u00e0 conduis sur le chemin de la gu\u00e9rison int\u00e9rieure. Mon r\u00f4le est de vous le d\u00e9montrer. Dynamixia &#8211; Lucie Ducap, est un cabinet de psychologie du travail et coaching en \u00e9panouissement professionnel et personnel \u00e0 la R\u00e9union, sp\u00e9cialis\u00e9 dans l\u2019accompagnement dans les transformations professionnelles, les probl\u00e9matiques li\u00e9es au travail (stress, anxi\u00e9t\u00e9, burn-out ou \u00e9puisement, recherche d&#8217;emploi, orientation, reconversion, fin de carri\u00e8re, etc.) Je propose \u00e9galement des formations destin\u00e9es aux entreprises du secteur public et priv\u00e9. Des ateliers gratuits de coaching en \u00e9panouissement professionnel et personnel ouverts \u00e0 tous. Je m&rsquo;adresse aux salari\u00e9s en activit\u00e9, demandeurs d&#8217;emploi, \u00e9tudiants, entrepreneurs, etc. Les consultations se font uniquement sur rendez-vous.","og_url":"https:\/\/dynamixia.fr\/index.php\/accueil\/","og_site_name":"Lucie Ducap Psychologue","article_publisher":"https:\/\/www.facebook.com\/monatelierpsy\/","article_modified_time":"2018-03-17T16:42:40+00:00","og_image":[{"width":1024,"height":1024,"url":"https:\/\/dynamixia.fr\/wp-content\/uploads\/2017\/12\/backgroung-wood-1024x1024.jpg","type":"image\/jpeg"}],"twitter_card":"summary_large_image","twitter_misc":{"Dur\u00e9e de lecture estim\u00e9e":"1 minute"},"schema":{"@context":"https:\/\/schema.org","@graph":[{"@type":"WebPage","@id":"https:\/\/dynamixia.fr\/index.php\/accueil\/","url":"https:\/\/dynamixia.fr\/index.php\/accueil\/","name":"Bienvenue - Lucie Ducap Psychologue","isPartOf":{"@id":"https:\/\/dynamixia.fr\/#website"},"primaryImageOfPage":{"@id":"https:\/\/dynamixia.fr\/index.php\/accueil\/#primaryimage"},"image":{"@id":"https:\/\/dynamixia.fr\/index.php\/accueil\/#primaryimage"},"thumbnailUrl":"https:\/\/dynamixia.fr\/wp-content\/uploads\/2017\/12\/backgroung-wood.jpg","datePublished":"2017-11-29T18:35:32+00:00","dateModified":"2018-03-17T16:42:40+00:00","breadcrumb":{"@id":"https:\/\/dynamixia.fr\/index.php\/accueil\/#breadcrumb"},"inLanguage":"fr-FR","potentialAction":[{"@type":"ReadAction","target":["https:\/\/dynamixia.fr\/index.php\/accueil\/"]}]},{"@type":"ImageObject","inLanguage":"fr-FR","@id":"https:\/\/dynamixia.fr\/index.php\/accueil\/#primaryimage","url":"https:\/\/dynamixia.fr\/wp-content\/uploads\/2017\/12\/backgroung-wood.jpg","contentUrl":"https:\/\/dynamixia.fr\/wp-content\/uploads\/2017\/12\/backgroung-wood.jpg","width":3450,"height":3450,"caption":"pine wood texture"},{"@type":"BreadcrumbList","@id":"https:\/\/dynamixia.fr\/index.php\/accueil\/#breadcrumb","itemListElement":[{"@type":"ListItem","position":1,"name":"Accueil","item":"https:\/\/dynamixia.fr\/"},{"@type":"ListItem","position":2,"name":"Bienvenue"}]},{"@type":"WebSite","@id":"https:\/\/dynamixia.fr\/#website","url":"https:\/\/dynamixia.fr\/","name":"Psychologie du travail - Lucie Ducap","description":"Cabinet de psychologie du travail - Meilleure Psychologue \u00e0 Saint-Denis R\u00e9union 97400","potentialAction":[{"@type":"SearchAction","target":{"@type":"EntryPoint","urlTemplate":"https:\/\/dynamixia.fr\/?s={search_term_string}"},"query-input":{"@type":"PropertyValueSpecification","valueRequired":true,"valueName":"search_term_string"}}],"inLanguage":"fr-FR"}]}},"acf":[],"_links":{"self":[{"href":"https:\/\/dynamixia.fr\/index.php\/wp-json\/wp\/v2\/pages\/7","targetHints":{"allow":["GET"]}}],"collection":[{"href":"https:\/\/dynamixia.fr\/index.php\/wp-json\/wp\/v2\/pages"}],"about":[{"href":"https:\/\/dynamixia.fr\/index.php\/wp-json\/wp\/v2\/types\/page"}],"author":[{"embeddable":true,"href":"https:\/\/dynamixia.fr\/index.php\/wp-json\/wp\/v2\/users\/1"}],"replies":[{"embeddable":true,"href":"https:\/\/dynamixia.fr\/index.php\/wp-json\/wp\/v2\/comments?post=7"}],"version-history":[{"count":5,"href":"https:\/\/dynamixia.fr\/index.php\/wp-json\/wp\/v2\/pages\/7\/revisions"}],"predecessor-version":[{"id":41,"href":"https:\/\/dynamixia.fr\/index.php\/wp-json\/wp\/v2\/pages\/7\/revisions\/41"}],"wp:featuredmedia":[{"embeddable":true,"href":"https:\/\/dynamixia.fr\/index.php\/wp-json\/wp\/v2\/media\/88"}],"wp:attachment":[{"href":"https:\/\/dynamixia.fr\/index.php\/wp-json\/wp\/v2\/media?parent=7"}],"curies":[{"name":"wp","href":"https:\/\/api.w.org\/{rel}","templated":true}]}}