{"id":741,"date":"2019-08-03T08:22:01","date_gmt":"2019-08-03T06:22:01","guid":{"rendered":"https:\/\/dynamixia.fr\/?page_id=741"},"modified":"2019-08-13T08:32:10","modified_gmt":"2019-08-13T06:32:10","slug":"mes-outils-de-croissance","status":"publish","type":"page","link":"https:\/\/dynamixia.fr\/index.php\/mes-outils-de-croissance\/","title":{"rendered":"MA DYNAMIXBOX"},"content":{"rendered":"\n<h2 class=\"wp-block-heading\" style=\"text-align:center\">\u2b50Bienvenue dans la bo\u00eete \u00e0 outils de Dynamixia !\u2b50<\/h2>\n\n\n\n<p style=\"text-align:center\">Les outils de croissance, c&rsquo;est quoi ? <\/p>\n\n\n\n<p style=\"text-align:center\">Ce n&rsquo;est pas un chapeau de magicien, o\u00f9 un lapin va bient\u00f4t sortir \ud83d\udc30<\/p>\n\n\n\n<p>Ce sont des outils, des vid\u00e9os, des fiches pratiques, des tests (non scientifiques), des articles qui peuvent vous aider \u00e0 :<\/p>\n\n\n\n<p style=\"text-align:center\">Vous conna\u00eetre un peu mieux \ud83e\udd2f<\/p>\n\n\n\n<p style=\"text-align:center\">Vous aider dans votre \u00e9panouissement \ud83d\udc83<\/p>\n\n\n\n<p style=\"text-align:center\">Vous aider dans votre \u00e9volution personnelle et\/ou professionnelle \ud83d\udcaa<\/p>\n\n\n\n<p style=\"text-align:center\">Vous amuser un peu ! \ud83d\ude01<\/p>\n\n\n\n<hr class=\"wp-block-separator is-style-wide\"\/>\n\n\n\n<h4 class=\"wp-block-heading\" style=\"text-align:center\">\u26a0 Les tests pr\u00e9sent\u00e9s ici (via le site Psychom\u00e9dia) n&rsquo;ont pas de validit\u00e9 scientifique ! Ils en sont inspir\u00e9s mais ne remplacent pas une v\u00e9ritable consultation propos\u00e9e par un.e professionnel.le ! \u26a0<\/h4>\n\n\n\n<h6 class=\"wp-block-heading\" style=\"text-align:center\">Pour le reste, allez-y les yeux ferm\u00e9s ! C&rsquo;est que du bon ! Et c&rsquo;est <strong>GRATUIT<\/strong> !\ud83d\ude0e<\/h6>\n\n\n\n<hr class=\"wp-block-separator is-style-wide\"\/>\n\n\n<div class=\"n2-section-smartslider fitvidsignore \" data-ssid=\"2\" tabindex=\"0\" role=\"region\" aria-label=\"Slider\"><div id=\"n2-ss-2-align\" class=\"n2-ss-align\"><div class=\"n2-padding\"><div id=\"n2-ss-2\" data-creator=\"Smart Slider 3\" data-responsive=\"auto\" class=\"n2-ss-slider n2-ow n2-has-hover n2notransition  \">\n\n\n\n<div class=\"n2-ss-slider-wrapper-inside\">\n        <div class=\"n2-ss-slider-1 n2_ss__touch_element n2-ow\">\n            <div class=\"n2-ss-slider-2 n2-ow\">\n                                                <div class=\"n2-ss-slider-3 n2-ow\">\n\n                    <div class=\"n2-ss-slide-backgrounds n2-ow-all\"><div class=\"n2-ss-slide-background\" data-public-id=\"1\" data-mode=\"fill\"><div class=\"n2-ss-slide-background-image\" data-blur=\"0\" data-opacity=\"30\" data-x=\"50\" data-y=\"50\" data-alt=\"\" data-title=\"\" style=\"opacity:0.3\"><picture class=\"skip-lazy\" data-skip-lazy=\"1\"><img decoding=\"async\" src=\"\/\/dynamixia.fr\/wp-content\/uploads\/slider2\/freelayerslider1.jpeg\" alt=\"\" title=\"\" loading=\"lazy\" class=\"skip-lazy\" data-skip-lazy=\"1\"><\/picture><\/div><div data-color=\"RGBA(0,0,0,1)\" style=\"background-color: RGBA(0,0,0,1);\" class=\"n2-ss-slide-background-color\"><\/div><\/div><div class=\"n2-ss-slide-background\" data-public-id=\"2\" data-mode=\"fill\" aria-hidden=\"true\"><div class=\"n2-ss-slide-background-image\" data-blur=\"0\" data-opacity=\"30\" data-x=\"50\" data-y=\"50\" data-alt=\"\" data-title=\"\" style=\"opacity:0.3\"><picture class=\"skip-lazy\" data-skip-lazy=\"1\"><img decoding=\"async\" src=\"\/\/dynamixia.fr\/wp-content\/uploads\/slider2\/freelayerslider2.jpeg\" alt=\"\" title=\"\" loading=\"lazy\" class=\"skip-lazy\" data-skip-lazy=\"1\"><\/picture><\/div><div data-color=\"RGBA(0,0,0,1)\" style=\"background-color: RGBA(0,0,0,1);\" class=\"n2-ss-slide-background-color\"><\/div><\/div><div class=\"n2-ss-slide-background\" data-public-id=\"3\" data-mode=\"fill\" aria-hidden=\"true\"><div class=\"n2-ss-slide-background-image\" data-blur=\"0\" data-opacity=\"30\" data-x=\"50\" data-y=\"50\" data-alt=\"\" data-title=\"\" style=\"opacity:0.3\"><picture class=\"skip-lazy\" data-skip-lazy=\"1\"><img decoding=\"async\" src=\"\/\/dynamixia.fr\/wp-content\/uploads\/2019\/08\/newsletter-DC.png\" alt=\"\" title=\"\" loading=\"lazy\" class=\"skip-lazy\" data-skip-lazy=\"1\"><\/picture><\/div><div data-color=\"RGBA(0,0,0,1)\" style=\"background-color: RGBA(0,0,0,1);\" class=\"n2-ss-slide-background-color\"><\/div><\/div><\/div>                    <div class=\"n2-ss-slider-4 n2-ow\">\n                        <svg xmlns=\"http:\/\/www.w3.org\/2000\/svg\" viewBox=\"0 0 1200 600\" data-related-device=\"desktopPortrait\" class=\"n2-ow n2-ss-preserve-size n2-ss-preserve-size--slider n2-ss-slide-limiter\"><\/svg><div data-first=\"1\" data-slide-duration=\"0\" data-id=\"6\" data-slide-public-id=\"1\" data-title=\"test psy\" class=\"n2-ss-slide n2-ow  n2-ss-slide-6\"><div role=\"note\" class=\"n2-ss-slide--focus\" tabindex=\"-1\">test psy<\/div><div class=\"n2-ss-layers-container n2-ss-slide-limiter n2-ow\"><div class=\"n2-ss-layer n2-ow n-uc-3fmCzqIojk1z\" data-sstype=\"slide\" data-pm=\"default\"><div class=\"n2-ss-layer n2-ow n-uc-169d1da275a0d\" data-pm=\"default\" data-sstype=\"content\" data-hasbackground=\"1\"><div class=\"n2-ss-section-main-content n2-ss-layer-with-background n2-ss-layer-content n2-ow n-uc-169d1da275a0d-inner\"><div class=\"n2-ss-layer n2-ow n-uc-NYW7I8EP12v4\" data-pm=\"normal\" data-sstype=\"layer\"><div id=\"n2-ss-2item1\" class=\"n2-font-ce5f422f40baa6923a67cb8639b46182-hover n2-style-2faa09290c2363147db3c59da49551e7-heading   n2-ss-item-content n2-ss-text n2-ow\" style=\"display:block;\">Tests <br>Psychologiques <br>Gratuits<\/div><\/div><div class=\"n2-ss-layer n2-ow n-uc-6v14OOB3qeMC n2-ss-layer--auto\" data-pm=\"normal\" data-sstype=\"layer\"><div class=\"n2-ss-button-container n2-ss-item-content n2-ow n2-font-97e0fca0e338327f168d2b68ee69cc8d-link  n2-ss-nowrap n2-ss-button-container--non-full-width\"><a class=\"n2-style-1e051a98bf9e351d0b6d7d3e3c3f1a1c-heading  n2-ow \" href=\"https:\/\/dynamixia.fr\/index.php\/tests-psychologiques-par-psychomedia\/\"><div><div>d\u00e9couvir<\/div><\/div><\/a><\/div><\/div><\/div><\/div><\/div><\/div><\/div><div data-slide-duration=\"0\" data-id=\"7\" data-slide-public-id=\"2\" aria-hidden=\"true\" data-title=\"vid\u00e9os psy\" class=\"n2-ss-slide n2-ow  n2-ss-slide-7\"><div role=\"note\" class=\"n2-ss-slide--focus\" tabindex=\"-1\">vid\u00e9os psy<\/div><div class=\"n2-ss-layers-container n2-ss-slide-limiter n2-ow\"><div class=\"n2-ss-layer n2-ow n-uc-4T4Dlt7RvSrx\" data-sstype=\"slide\" data-pm=\"default\"><div class=\"n2-ss-layer n2-ow n-uc-1e67eb1176d0e\" data-pm=\"default\" data-sstype=\"content\" data-hasbackground=\"1\"><div class=\"n2-ss-section-main-content n2-ss-layer-with-background n2-ss-layer-content n2-ow n-uc-1e67eb1176d0e-inner\"><div class=\"n2-ss-layer n2-ow n-uc-LI6EqDa8TLAv\" data-pm=\"normal\" data-sstype=\"layer\"><div class=\" n2-ss-item-image-content n2-ss-item-content n2-ow-all\"><img decoding=\"async\" id=\"n2-ss-2item3\" alt=\"\" class=\"skip-lazy\" loading=\"lazy\" width=\"1920\" height=\"1080\" data-skip-lazy=\"1\" src=\"\/\/dynamixia.fr\/wp-content\/uploads\/2019\/08\/Les-videos-psy-de-dynamixia2.png\" \/><\/div><\/div><div class=\"n2-ss-layer n2-ow n2-ss-layer--block n2-ss-has-self-align n-uc-Wgp7Gq5BNmvA\" data-pm=\"normal\" data-sstype=\"row\"><div class=\"n2-ss-layer-row n2-ss-layer-with-background n-uc-Wgp7Gq5BNmvA-inner\"><div class=\"n2-ss-layer-row-inner \"><div class=\"n2-ss-layer n2-ow n-uc-nIjdrBGgVaj8\" data-pm=\"default\" data-sstype=\"col\"><div class=\"n2-ss-layer-col n2-ss-layer-with-background n2-ss-layer-content n-uc-nIjdrBGgVaj8-inner\"><\/div><\/div><\/div><\/div><\/div><div class=\"n2-ss-layer n2-ow n-uc-Tz8JBzYmWEmH n2-ss-layer--auto\" data-pm=\"normal\" data-sstype=\"layer\"><div class=\"n2-ss-button-container n2-ss-item-content n2-ow n2-font-97e0fca0e338327f168d2b68ee69cc8d-link  n2-ss-nowrap n2-ss-button-container--non-full-width\"><a class=\"n2-style-1e051a98bf9e351d0b6d7d3e3c3f1a1c-heading  n2-ow \" target=\"_blank\" href=\"https:\/\/www.youtube.com\/user\/Tiloucy974\"><div><div>D\u00e9couvrir<\/div><\/div><\/a><\/div><\/div><\/div><\/div><\/div><\/div><\/div><div data-slide-duration=\"0\" data-id=\"8\" data-slide-public-id=\"3\" aria-hidden=\"true\" data-title=\"dynamix challenge\" class=\"n2-ss-slide n2-ow  n2-ss-slide-8\"><div role=\"note\" class=\"n2-ss-slide--focus\" tabindex=\"-1\">dynamix challenge<\/div><div class=\"n2-ss-layers-container n2-ss-slide-limiter n2-ow\"><div class=\"n2-ss-layer n2-ow n-uc-bIBPninvAfjD\" data-sstype=\"slide\" data-pm=\"default\"><div class=\"n2-ss-layer n2-ow n-uc-1cde8db72a6ce\" data-pm=\"default\" data-sstype=\"content\" data-hasbackground=\"1\"><div class=\"n2-ss-section-main-content n2-ss-layer-with-background n2-ss-layer-content n2-ow n-uc-1cde8db72a6ce-inner\"><div class=\"n2-ss-layer n2-ow n-uc-uxCvfCRRuEkn\" data-pm=\"normal\" data-sstype=\"layer\"><div id=\"n2-ss-2item5\" class=\"n2-font-792264660ab8ea1f29f07188ffd16244-hover n2-style-0028677eaed54b1d44621461bf08155c-heading   n2-ss-item-content n2-ss-text n2-ow\" style=\"display:block;\">Dynamix Challenge : c&rsquo;est d\u00e9cid\u00e9, je passe \u00e0 l&rsquo;action!<\/div><\/div><div class=\"n2-ss-layer n2-ow n-uc-z3ZgkLyvWQVt n2-ss-layer--auto\" data-pm=\"normal\" data-sstype=\"layer\"><div class=\"n2-ss-button-container n2-ss-item-content n2-ow n2-font-97e0fca0e338327f168d2b68ee69cc8d-link  n2-ss-nowrap n2-ss-button-container--non-full-width\"><a class=\"n2-style-1e051a98bf9e351d0b6d7d3e3c3f1a1c-heading  n2-ow \" target=\"_blank\" href=\"https:\/\/dynamixia.fr\/index.php\/dynamix-challenge\/\"><div><div>D\u00e9couvrir<\/div><\/div><\/a><\/div><\/div><\/div><\/div><\/div><\/div><\/div>                    <\/div>\n\n                                    <\/div>\n            <\/div>\n        <\/div>\n        <div class=\"n2-ss-slider-controls n2-ss-slider-controls-absolute-left-center\"><div style=\"--widget-offset:15px;\" class=\"n2-ss-widget nextend-arrow n2-ow-all nextend-arrow-previous  nextend-arrow-animated-fade\" id=\"n2-ss-2-arrow-previous\" role=\"button\" aria-label=\"previous arrow\" tabindex=\"0\"><img loading=\"lazy\" decoding=\"async\" width=\"32\" height=\"32\" class=\"skip-lazy\" data-skip-lazy=\"1\" src=\"data:image\/svg+xml;base64,PHN2ZyB3aWR0aD0iMzIiIGhlaWdodD0iMzIiIHZpZXdCb3g9IjAgMCAzMiAzMiIgeG1sbnM9Imh0dHA6Ly93d3cudzMub3JnLzIwMDAvc3ZnIj4KICAgIDxwYXRoIGQ9Ik0xMS40MzMgMTUuOTkyTDIyLjY5IDUuNzEyYy4zOTMtLjM5LjM5My0xLjAzIDAtMS40Mi0uMzkzLS4zOS0xLjAzLS4zOS0xLjQyMyAwbC0xMS45OCAxMC45NGMtLjIxLjIxLS4zLjQ5LS4yODUuNzYtLjAxNS4yOC4wNzUuNTYuMjg0Ljc3bDExLjk4IDEwLjk0Yy4zOTMuMzkgMS4wMy4zOSAxLjQyNCAwIC4zOTMtLjQuMzkzLTEuMDMgMC0xLjQybC0xMS4yNTctMTAuMjkiCiAgICAgICAgICBmaWxsPSIjZmZmZmZmIiBvcGFjaXR5PSIwLjgiIGZpbGwtcnVsZT0iZXZlbm9kZCIvPgo8L3N2Zz4=\" alt=\"previous arrow\"><\/div><\/div><div class=\"n2-ss-slider-controls n2-ss-slider-controls-absolute-right-center\"><div style=\"--widget-offset:15px;\" class=\"n2-ss-widget nextend-arrow n2-ow-all nextend-arrow-next  nextend-arrow-animated-fade\" id=\"n2-ss-2-arrow-next\" role=\"button\" aria-label=\"next arrow\" tabindex=\"0\"><img loading=\"lazy\" decoding=\"async\" width=\"32\" height=\"32\" class=\"skip-lazy\" data-skip-lazy=\"1\" src=\"data:image\/svg+xml;base64,PHN2ZyB3aWR0aD0iMzIiIGhlaWdodD0iMzIiIHZpZXdCb3g9IjAgMCAzMiAzMiIgeG1sbnM9Imh0dHA6Ly93d3cudzMub3JnLzIwMDAvc3ZnIj4KICAgIDxwYXRoIGQ9Ik0xMC43MjIgNC4yOTNjLS4zOTQtLjM5LTEuMDMyLS4zOS0xLjQyNyAwLS4zOTMuMzktLjM5MyAxLjAzIDAgMS40MmwxMS4yODMgMTAuMjgtMTEuMjgzIDEwLjI5Yy0uMzkzLjM5LS4zOTMgMS4wMiAwIDEuNDIuMzk1LjM5IDEuMDMzLjM5IDEuNDI3IDBsMTIuMDA3LTEwLjk0Yy4yMS0uMjEuMy0uNDkuMjg0LS43Ny4wMTQtLjI3LS4wNzYtLjU1LS4yODYtLjc2TDEwLjcyIDQuMjkzeiIKICAgICAgICAgIGZpbGw9IiNmZmZmZmYiIG9wYWNpdHk9IjAuOCIgZmlsbC1ydWxlPSJldmVub2RkIi8+Cjwvc3ZnPg==\" alt=\"next arrow\"><\/div><\/div><div class=\"n2-ss-slider-controls n2-ss-slider-controls-absolute-center-bottom\"><div style=\"--widget-offset:10px;\" class=\"n2-ss-widget n2-ss-control-bullet n2-ow-all n2-ss-control-bullet-horizontal\"><div class=\" nextend-bullet-bar n2-bar-justify-content-center\" role=\"group\" aria-label=\"Choose slide to display.\"><div class=\"n2-bullet n2-style-bcef68443b2682444059e693254dd628-dot \" style=\"visibility:hidden;\"><\/div><\/div><\/div><\/div><\/div><\/div><ss3-loader><\/ss3-loader><\/div><\/div><div class=\"n2_clear\"><\/div><\/div>","protected":false},"excerpt":{"rendered":"<p>\u2b50Bienvenue dans la bo\u00eete \u00e0 outils de Dynamixia !\u2b50 Les outils de croissance, c&rsquo;est quoi ? Ce n&rsquo;est pas un chapeau de magicien, o\u00f9 un lapin va bient\u00f4t sortir \ud83d\udc30 Ce sont des outils, des vid\u00e9os, des fiches pratiques, des tests (non scientifiques), des articles qui peuvent vous aider \u00e0 : Vous conna\u00eetre un peu mieux \ud83e\udd2f Vous aider dans votre \u00e9panouissement \ud83d\udc83 Vous aider dans votre \u00e9volution personnelle et\/ou professionnelle \ud83d\udcaa Vous amuser un peu ! \ud83d\ude01 \u26a0 Les tests pr\u00e9sent\u00e9s ici (via le site Psychom\u00e9dia) n&rsquo;ont pas de validit\u00e9 scientifique ! Ils en sont inspir\u00e9s mais ne remplacent pas une v\u00e9ritable consultation propos\u00e9e par un.e professionnel.le ! \u26a0 Pour le reste, allez-y les yeux ferm\u00e9s ! C&rsquo;est que du bon ! Et c&rsquo;est GRATUIT !\ud83d\ude0e<\/p>\n","protected":false},"author":1,"featured_media":0,"parent":0,"menu_order":0,"comment_status":"closed","ping_status":"closed","template":"","meta":{"footnotes":""},"class_list":["post-741","page","type-page","status-publish","hentry"],"yoast_head":"<!-- This site is optimized with the Yoast SEO plugin v27.2 - https:\/\/yoast.com\/product\/yoast-seo-wordpress\/ -->\n<title>MA DYNAMIXBOX - Lucie Ducap Psychologue<\/title>\n<meta name=\"description\" content=\"Ce sont des outils, des vid\u00e9os, des fiches pratiques, des tests (non scientifiques), des articles qui peuvent vous aider \u00e0 :Vous conna\u00eetre un peu mieux Vous aider dans votre \u00e9panouissement Vous aider dans votre \u00e9volution personnelle et\/ou professionnelle Vous amuser un peu !\" \/>\n<meta name=\"robots\" content=\"index, follow, max-snippet:-1, max-image-preview:large, max-video-preview:-1\" \/>\n<link rel=\"canonical\" href=\"https:\/\/dynamixia.fr\/index.php\/mes-outils-de-croissance\/\" \/>\n<meta property=\"og:locale\" content=\"fr_FR\" \/>\n<meta property=\"og:type\" content=\"article\" \/>\n<meta property=\"og:title\" content=\"MA DYNAMIXBOX - Lucie Ducap Psychologue\" \/>\n<meta property=\"og:description\" content=\"Ce sont des outils, des vid\u00e9os, des fiches pratiques, des tests (non scientifiques), des articles qui peuvent vous aider \u00e0 :Vous conna\u00eetre un peu mieux Vous aider dans votre \u00e9panouissement Vous aider dans votre \u00e9volution personnelle et\/ou professionnelle Vous amuser un peu !\" \/>\n<meta property=\"og:url\" content=\"https:\/\/dynamixia.fr\/index.php\/mes-outils-de-croissance\/\" \/>\n<meta property=\"og:site_name\" content=\"Lucie Ducap Psychologue\" \/>\n<meta property=\"article:publisher\" content=\"https:\/\/www.facebook.com\/monatelierpsy\/\" \/>\n<meta property=\"article:modified_time\" content=\"2019-08-13T06:32:10+00:00\" \/>\n<meta name=\"twitter:card\" content=\"summary_large_image\" \/>\n<meta name=\"twitter:label1\" content=\"Dur\u00e9e de lecture estim\u00e9e\" \/>\n\t<meta name=\"twitter:data1\" content=\"1 minute\" \/>\n<script type=\"application\/ld+json\" class=\"yoast-schema-graph\">{\"@context\":\"https:\/\/schema.org\",\"@graph\":[{\"@type\":\"WebPage\",\"@id\":\"https:\/\/dynamixia.fr\/index.php\/mes-outils-de-croissance\/\",\"url\":\"https:\/\/dynamixia.fr\/index.php\/mes-outils-de-croissance\/\",\"name\":\"MA DYNAMIXBOX - Lucie Ducap Psychologue\",\"isPartOf\":{\"@id\":\"https:\/\/dynamixia.fr\/#website\"},\"datePublished\":\"2019-08-03T06:22:01+00:00\",\"dateModified\":\"2019-08-13T06:32:10+00:00\",\"description\":\"Ce sont des outils, des vid\u00e9os, des fiches pratiques, des tests (non scientifiques), des articles qui peuvent vous aider \u00e0 :Vous conna\u00eetre un peu mieux Vous aider dans votre \u00e9panouissement Vous aider dans votre \u00e9volution personnelle et\/ou professionnelle Vous amuser un peu !\",\"breadcrumb\":{\"@id\":\"https:\/\/dynamixia.fr\/index.php\/mes-outils-de-croissance\/#breadcrumb\"},\"inLanguage\":\"fr-FR\",\"potentialAction\":[{\"@type\":\"ReadAction\",\"target\":[\"https:\/\/dynamixia.fr\/index.php\/mes-outils-de-croissance\/\"]}]},{\"@type\":\"BreadcrumbList\",\"@id\":\"https:\/\/dynamixia.fr\/index.php\/mes-outils-de-croissance\/#breadcrumb\",\"itemListElement\":[{\"@type\":\"ListItem\",\"position\":1,\"name\":\"Accueil\",\"item\":\"https:\/\/dynamixia.fr\/\"},{\"@type\":\"ListItem\",\"position\":2,\"name\":\"MA DYNAMIXBOX\"}]},{\"@type\":\"WebSite\",\"@id\":\"https:\/\/dynamixia.fr\/#website\",\"url\":\"https:\/\/dynamixia.fr\/\",\"name\":\"Psychologie du travail - Lucie Ducap\",\"description\":\"Cabinet de psychologie du travail - Meilleure Psychologue \u00e0 Saint-Denis R\u00e9union 97400\",\"potentialAction\":[{\"@type\":\"SearchAction\",\"target\":{\"@type\":\"EntryPoint\",\"urlTemplate\":\"https:\/\/dynamixia.fr\/?s={search_term_string}\"},\"query-input\":{\"@type\":\"PropertyValueSpecification\",\"valueRequired\":true,\"valueName\":\"search_term_string\"}}],\"inLanguage\":\"fr-FR\"}]}<\/script>\n<!-- \/ Yoast SEO plugin. -->","yoast_head_json":{"title":"MA DYNAMIXBOX - Lucie Ducap Psychologue","description":"Ce sont des outils, des vid\u00e9os, des fiches pratiques, des tests (non scientifiques), des articles qui peuvent vous aider \u00e0 :Vous conna\u00eetre un peu mieux Vous aider dans votre \u00e9panouissement Vous aider dans votre \u00e9volution personnelle et\/ou professionnelle Vous amuser un peu !","robots":{"index":"index","follow":"follow","max-snippet":"max-snippet:-1","max-image-preview":"max-image-preview:large","max-video-preview":"max-video-preview:-1"},"canonical":"https:\/\/dynamixia.fr\/index.php\/mes-outils-de-croissance\/","og_locale":"fr_FR","og_type":"article","og_title":"MA DYNAMIXBOX - Lucie Ducap Psychologue","og_description":"Ce sont des outils, des vid\u00e9os, des fiches pratiques, des tests (non scientifiques), des articles qui peuvent vous aider \u00e0 :Vous conna\u00eetre un peu mieux Vous aider dans votre \u00e9panouissement Vous aider dans votre \u00e9volution personnelle et\/ou professionnelle Vous amuser un peu !","og_url":"https:\/\/dynamixia.fr\/index.php\/mes-outils-de-croissance\/","og_site_name":"Lucie Ducap Psychologue","article_publisher":"https:\/\/www.facebook.com\/monatelierpsy\/","article_modified_time":"2019-08-13T06:32:10+00:00","twitter_card":"summary_large_image","twitter_misc":{"Dur\u00e9e de lecture estim\u00e9e":"1 minute"},"schema":{"@context":"https:\/\/schema.org","@graph":[{"@type":"WebPage","@id":"https:\/\/dynamixia.fr\/index.php\/mes-outils-de-croissance\/","url":"https:\/\/dynamixia.fr\/index.php\/mes-outils-de-croissance\/","name":"MA DYNAMIXBOX - Lucie Ducap Psychologue","isPartOf":{"@id":"https:\/\/dynamixia.fr\/#website"},"datePublished":"2019-08-03T06:22:01+00:00","dateModified":"2019-08-13T06:32:10+00:00","description":"Ce sont des outils, des vid\u00e9os, des fiches pratiques, des tests (non scientifiques), des articles qui peuvent vous aider \u00e0 :Vous conna\u00eetre un peu mieux Vous aider dans votre \u00e9panouissement Vous aider dans votre \u00e9volution personnelle et\/ou professionnelle Vous amuser un peu !","breadcrumb":{"@id":"https:\/\/dynamixia.fr\/index.php\/mes-outils-de-croissance\/#breadcrumb"},"inLanguage":"fr-FR","potentialAction":[{"@type":"ReadAction","target":["https:\/\/dynamixia.fr\/index.php\/mes-outils-de-croissance\/"]}]},{"@type":"BreadcrumbList","@id":"https:\/\/dynamixia.fr\/index.php\/mes-outils-de-croissance\/#breadcrumb","itemListElement":[{"@type":"ListItem","position":1,"name":"Accueil","item":"https:\/\/dynamixia.fr\/"},{"@type":"ListItem","position":2,"name":"MA DYNAMIXBOX"}]},{"@type":"WebSite","@id":"https:\/\/dynamixia.fr\/#website","url":"https:\/\/dynamixia.fr\/","name":"Psychologie du travail - Lucie Ducap","description":"Cabinet de psychologie du travail - Meilleure Psychologue \u00e0 Saint-Denis R\u00e9union 97400","potentialAction":[{"@type":"SearchAction","target":{"@type":"EntryPoint","urlTemplate":"https:\/\/dynamixia.fr\/?s={search_term_string}"},"query-input":{"@type":"PropertyValueSpecification","valueRequired":true,"valueName":"search_term_string"}}],"inLanguage":"fr-FR"}]}},"acf":[],"_links":{"self":[{"href":"https:\/\/dynamixia.fr\/index.php\/wp-json\/wp\/v2\/pages\/741","targetHints":{"allow":["GET"]}}],"collection":[{"href":"https:\/\/dynamixia.fr\/index.php\/wp-json\/wp\/v2\/pages"}],"about":[{"href":"https:\/\/dynamixia.fr\/index.php\/wp-json\/wp\/v2\/types\/page"}],"author":[{"embeddable":true,"href":"https:\/\/dynamixia.fr\/index.php\/wp-json\/wp\/v2\/users\/1"}],"replies":[{"embeddable":true,"href":"https:\/\/dynamixia.fr\/index.php\/wp-json\/wp\/v2\/comments?post=741"}],"version-history":[{"count":17,"href":"https:\/\/dynamixia.fr\/index.php\/wp-json\/wp\/v2\/pages\/741\/revisions"}],"predecessor-version":[{"id":838,"href":"https:\/\/dynamixia.fr\/index.php\/wp-json\/wp\/v2\/pages\/741\/revisions\/838"}],"wp:attachment":[{"href":"https:\/\/dynamixia.fr\/index.php\/wp-json\/wp\/v2\/media?parent=741"}],"curies":[{"name":"wp","href":"https:\/\/api.w.org\/{rel}","templated":true}]}}