{"id":9,"date":"2017-11-29T19:35:32","date_gmt":"2017-11-29T18:35:32","guid":{"rendered":"https:\/\/dynamixia.fr\/?page_id=9"},"modified":"2018-03-14T11:54:55","modified_gmt":"2018-03-14T10:54:55","slug":"contact","status":"publish","type":"page","link":"https:\/\/dynamixia.fr\/index.php\/contact\/","title":{"rendered":"Ai-je besoin d&rsquo;un psy?"},"content":{"rendered":"<p><strong>Le r\u00f4le d\u2019un psychologue du travail\u00a0:<\/strong><\/p>\n<p>La psychologie du travail et des organisations est l&rsquo;<strong>\u00e9tude scientifique de la condition humaine en relation avec l&rsquo;activit\u00e9 professionnelle<\/strong>.<\/p>\n<p>C&rsquo;est une discipline qui s&rsquo;articule autour de <strong>trois niveaux d&rsquo;analyse<\/strong> :<\/p>\n<ul>\n<li><strong>La relation entre l\u2018individu et son activit\u00e9<\/strong><\/li>\n<li><strong>La relation entre l&rsquo;individu et l&rsquo;organisation<\/strong><\/li>\n<li><strong>Les relations interpersonnelles<\/strong>.<\/li>\n<\/ul>\n<p>Titulaire d\u2019un Master 2 Universitaire et du titre de Psychologue, il travaille dans le respect du <a href=\"http:\/\/www.codededeontologiedespsychologues.fr\" target=\"_blank\" rel=\"noopener\"><em>Code de\u00a0<\/em><em>D\u00e9ontologie des psychologues<\/em><\/a>, et est donc soumis au<strong> respect du secret professionnel<\/strong>. Il Travaille en \u00e9quipe: M\u00e9decin du Travail, ergonome, ing\u00e9nieur pr\u00e9vention, hygi\u00e9niste, infirmier sant\u00e9 travail\u2026 r\u00e9unis autour d\u2019une mission commune: \u00ab Les services de sant\u00e9 au travail ont pour mission exclusive d&rsquo;\u00e9viter toute alt\u00e9ration de la sant\u00e9 des travailleurs du fait de leur travail \u00bb (cf Article L4622-2).<\/p>\n<p>L\u2019utilisation d<strong>\u2019outils sp\u00e9cifiques<\/strong> et <strong>ad\u00e9quats<\/strong> rend son travail indispensable pour l\u2019entreprise et pour<br \/>\nle salari\u00e9. C\u2019est pourquoi, il est une v\u00e9ritable ressource aussi bien pour l\u2019organisation, que pour ses salari\u00e9s.<\/p>\n<p><strong>Dynamixia<\/strong> est un cabinet de psychologie du travail, de coaching et de formation, sp\u00e9cialis\u00e9 dans l\u2019<strong>accompagnement dynamique des personnes en situation d\u2019arr\u00eat ou de rupture avec le milieu professionnel depuis trop longtemps.<\/strong><\/p>\n<p><strong>Notre mission<\/strong>: de la m\u00eame fa\u00e7on qu\u2019une cure de vitamines vous aide \u00e0 commencer votre journ\u00e9e<br \/>\navec le plein de vitalit\u00e9, nous vous aidons \u00e0 commencer, \u00e0 reprendre ou \u00e0 terminer votre carri\u00e8re sur une base<br \/>\ndynamique et motivante.<\/p>\n<p><strong>Le Psychologue du Travail a pour mission de s\u2019int\u00e9resser \u00e0 l\u2019Homme dans son milieu de travail et aux conduites humaines dans une organisation.<\/strong><\/p>\n<p>La psychologie ne s&rsquo;adresse pas aux \u00ab\u00a0fous\u00a0\u00bb !<\/p>\n<p>Une consultation psy est avant tout une <strong>relation d&rsquo;aide<\/strong>, un moment privil\u00e9gi\u00e9 pour<strong> vider votre sac<\/strong>, vous <strong>lib\u00e9rer<\/strong> de ce qui vous tourmente et vous donne l&rsquo;impression de perdre pied, de \u00ab\u00a0devenir fou\u00a0\u00bb.<\/p>\n<p>C&rsquo;est aussi l&rsquo;opportunit\u00e9 de <strong>faire le point<\/strong>, de vous <strong>poser les bonnes questions<\/strong> et de tenter d&rsquo;y r\u00e9pondre avec des <strong>bonnes armes<\/strong> que le psychologue vous aura soigneusement confi\u00e9es.<\/p>\n<p>Alors, avez-vous besoin d&rsquo;un psy? \ud83d\ude42<\/p>\n<p>&nbsp;<\/p>\n","protected":false},"excerpt":{"rendered":"<p>Le r\u00f4le d\u2019un psychologue du travail\u00a0: La psychologie du travail et des organisations est l&rsquo;\u00e9tude scientifique de la condition humaine en relation avec l&rsquo;activit\u00e9 professionnelle. C&rsquo;est une discipline qui s&rsquo;articule autour de trois niveaux d&rsquo;analyse : La relation entre l\u2018individu et son activit\u00e9 La relation entre l&rsquo;individu et l&rsquo;organisation Les relations interpersonnelles. Titulaire d\u2019un Master 2 Universitaire et du titre de Psychologue, il travaille dans le respect du Code de\u00a0D\u00e9ontologie des psychologues, et est donc soumis au respect du secret professionnel. Il Travaille en \u00e9quipe: M\u00e9decin du Travail, ergonome, ing\u00e9nieur pr\u00e9vention, hygi\u00e9niste, infirmier sant\u00e9 travail\u2026 r\u00e9unis autour d\u2019une mission commune: \u00ab Les services de sant\u00e9 au travail ont pour mission exclusive d&rsquo;\u00e9viter toute alt\u00e9ration de la sant\u00e9 des travailleurs du fait de leur travail \u00bb (cf Article L4622-2). L\u2019utilisation d\u2019outils sp\u00e9cifiques et ad\u00e9quats rend son travail indispensable pour l\u2019entreprise et pour le salari\u00e9. C\u2019est pourquoi, il est une v\u00e9ritable ressource aussi bien pour l\u2019organisation, que pour ses salari\u00e9s. Dynamixia est un cabinet de psychologie du travail, de coaching et de formation, sp\u00e9cialis\u00e9 dans l\u2019accompagnement dynamique des personnes en situation d\u2019arr\u00eat ou de rupture avec le milieu professionnel depuis trop longtemps. Notre mission: de la m\u00eame fa\u00e7on qu\u2019une cure de vitamines vous aide \u00e0 commencer votre journ\u00e9e avec le plein de vitalit\u00e9, nous vous aidons \u00e0 commencer, \u00e0 reprendre ou \u00e0 terminer votre carri\u00e8re sur une base dynamique et motivante. Le Psychologue du Travail a pour mission de s\u2019int\u00e9resser \u00e0 l\u2019Homme dans son milieu de travail et aux conduites humaines dans une organisation. La psychologie ne s&rsquo;adresse pas aux \u00ab\u00a0fous\u00a0\u00bb ! Une consultation psy est avant tout une relation d&rsquo;aide, un moment privil\u00e9gi\u00e9 pour vider votre sac, vous lib\u00e9rer de ce qui vous tourmente et vous donne l&rsquo;impression de perdre pied, de \u00ab\u00a0devenir fou\u00a0\u00bb. C&rsquo;est aussi l&rsquo;opportunit\u00e9 de faire le point, de vous poser les bonnes questions et de tenter d&rsquo;y r\u00e9pondre avec des bonnes armes que le psychologue vous aura soigneusement confi\u00e9es. Alors, avez-vous besoin d&rsquo;un psy? \ud83d\ude42 &nbsp;<\/p>\n","protected":false},"author":1,"featured_media":0,"parent":0,"menu_order":0,"comment_status":"closed","ping_status":"closed","template":"","meta":{"footnotes":""},"class_list":["post-9","page","type-page","status-publish","hentry"],"yoast_head":"<!-- This site is optimized with the Yoast SEO plugin v27.2 - https:\/\/yoast.com\/product\/yoast-seo-wordpress\/ -->\n<title>Ai-je besoin d&#039;un psy? - Lucie Ducap Psychologue<\/title>\n<meta name=\"robots\" content=\"index, follow, max-snippet:-1, max-image-preview:large, max-video-preview:-1\" \/>\n<link rel=\"canonical\" href=\"https:\/\/dynamixia.fr\/index.php\/contact\/\" \/>\n<meta property=\"og:locale\" content=\"fr_FR\" \/>\n<meta property=\"og:type\" content=\"article\" \/>\n<meta property=\"og:title\" content=\"Ai-je besoin d&#039;un psy? - Lucie Ducap Psychologue\" \/>\n<meta property=\"og:description\" content=\"Le r\u00f4le d\u2019un psychologue du travail\u00a0: La psychologie du travail et des organisations est l&rsquo;\u00e9tude scientifique de la condition humaine en relation avec l&rsquo;activit\u00e9 professionnelle. C&rsquo;est une discipline qui s&rsquo;articule autour de trois niveaux d&rsquo;analyse : La relation entre l\u2018individu et son activit\u00e9 La relation entre l&rsquo;individu et l&rsquo;organisation Les relations interpersonnelles. Titulaire d\u2019un Master 2 Universitaire et du titre de Psychologue, il travaille dans le respect du Code de\u00a0D\u00e9ontologie des psychologues, et est donc soumis au respect du secret professionnel. Il Travaille en \u00e9quipe: M\u00e9decin du Travail, ergonome, ing\u00e9nieur pr\u00e9vention, hygi\u00e9niste, infirmier sant\u00e9 travail\u2026 r\u00e9unis autour d\u2019une mission commune: \u00ab Les services de sant\u00e9 au travail ont pour mission exclusive d&rsquo;\u00e9viter toute alt\u00e9ration de la sant\u00e9 des travailleurs du fait de leur travail \u00bb (cf Article L4622-2). L\u2019utilisation d\u2019outils sp\u00e9cifiques et ad\u00e9quats rend son travail indispensable pour l\u2019entreprise et pour le salari\u00e9. C\u2019est pourquoi, il est une v\u00e9ritable ressource aussi bien pour l\u2019organisation, que pour ses salari\u00e9s. Dynamixia est un cabinet de psychologie du travail, de coaching et de formation, sp\u00e9cialis\u00e9 dans l\u2019accompagnement dynamique des personnes en situation d\u2019arr\u00eat ou de rupture avec le milieu professionnel depuis trop longtemps. Notre mission: de la m\u00eame fa\u00e7on qu\u2019une cure de vitamines vous aide \u00e0 commencer votre journ\u00e9e avec le plein de vitalit\u00e9, nous vous aidons \u00e0 commencer, \u00e0 reprendre ou \u00e0 terminer votre carri\u00e8re sur une base dynamique et motivante. Le Psychologue du Travail a pour mission de s\u2019int\u00e9resser \u00e0 l\u2019Homme dans son milieu de travail et aux conduites humaines dans une organisation. La psychologie ne s&rsquo;adresse pas aux \u00ab\u00a0fous\u00a0\u00bb ! Une consultation psy est avant tout une relation d&rsquo;aide, un moment privil\u00e9gi\u00e9 pour vider votre sac, vous lib\u00e9rer de ce qui vous tourmente et vous donne l&rsquo;impression de perdre pied, de \u00ab\u00a0devenir fou\u00a0\u00bb. C&rsquo;est aussi l&rsquo;opportunit\u00e9 de faire le point, de vous poser les bonnes questions et de tenter d&rsquo;y r\u00e9pondre avec des bonnes armes que le psychologue vous aura soigneusement confi\u00e9es. Alors, avez-vous besoin d&rsquo;un psy? \ud83d\ude42 &nbsp;\" \/>\n<meta property=\"og:url\" content=\"https:\/\/dynamixia.fr\/index.php\/contact\/\" \/>\n<meta property=\"og:site_name\" content=\"Lucie Ducap Psychologue\" \/>\n<meta property=\"article:publisher\" content=\"https:\/\/www.facebook.com\/monatelierpsy\/\" \/>\n<meta property=\"article:modified_time\" content=\"2018-03-14T10:54:55+00:00\" \/>\n<meta name=\"twitter:card\" content=\"summary_large_image\" \/>\n<meta name=\"twitter:label1\" content=\"Dur\u00e9e de lecture estim\u00e9e\" \/>\n\t<meta name=\"twitter:data1\" content=\"2 minutes\" \/>\n<script type=\"application\/ld+json\" class=\"yoast-schema-graph\">{\"@context\":\"https:\/\/schema.org\",\"@graph\":[{\"@type\":\"WebPage\",\"@id\":\"https:\/\/dynamixia.fr\/index.php\/contact\/\",\"url\":\"https:\/\/dynamixia.fr\/index.php\/contact\/\",\"name\":\"Ai-je besoin d'un psy? - Lucie Ducap Psychologue\",\"isPartOf\":{\"@id\":\"https:\/\/dynamixia.fr\/#website\"},\"datePublished\":\"2017-11-29T18:35:32+00:00\",\"dateModified\":\"2018-03-14T10:54:55+00:00\",\"breadcrumb\":{\"@id\":\"https:\/\/dynamixia.fr\/index.php\/contact\/#breadcrumb\"},\"inLanguage\":\"fr-FR\",\"potentialAction\":[{\"@type\":\"ReadAction\",\"target\":[\"https:\/\/dynamixia.fr\/index.php\/contact\/\"]}]},{\"@type\":\"BreadcrumbList\",\"@id\":\"https:\/\/dynamixia.fr\/index.php\/contact\/#breadcrumb\",\"itemListElement\":[{\"@type\":\"ListItem\",\"position\":1,\"name\":\"Accueil\",\"item\":\"https:\/\/dynamixia.fr\/\"},{\"@type\":\"ListItem\",\"position\":2,\"name\":\"Ai-je besoin d&rsquo;un psy?\"}]},{\"@type\":\"WebSite\",\"@id\":\"https:\/\/dynamixia.fr\/#website\",\"url\":\"https:\/\/dynamixia.fr\/\",\"name\":\"Psychologie du travail - Lucie Ducap\",\"description\":\"Cabinet de psychologie du travail - Meilleure Psychologue \u00e0 Saint-Denis R\u00e9union 97400\",\"potentialAction\":[{\"@type\":\"SearchAction\",\"target\":{\"@type\":\"EntryPoint\",\"urlTemplate\":\"https:\/\/dynamixia.fr\/?s={search_term_string}\"},\"query-input\":{\"@type\":\"PropertyValueSpecification\",\"valueRequired\":true,\"valueName\":\"search_term_string\"}}],\"inLanguage\":\"fr-FR\"}]}<\/script>\n<!-- \/ Yoast SEO plugin. -->","yoast_head_json":{"title":"Ai-je besoin d'un psy? - Lucie Ducap Psychologue","robots":{"index":"index","follow":"follow","max-snippet":"max-snippet:-1","max-image-preview":"max-image-preview:large","max-video-preview":"max-video-preview:-1"},"canonical":"https:\/\/dynamixia.fr\/index.php\/contact\/","og_locale":"fr_FR","og_type":"article","og_title":"Ai-je besoin d'un psy? - Lucie Ducap Psychologue","og_description":"Le r\u00f4le d\u2019un psychologue du travail\u00a0: La psychologie du travail et des organisations est l&rsquo;\u00e9tude scientifique de la condition humaine en relation avec l&rsquo;activit\u00e9 professionnelle. C&rsquo;est une discipline qui s&rsquo;articule autour de trois niveaux d&rsquo;analyse : La relation entre l\u2018individu et son activit\u00e9 La relation entre l&rsquo;individu et l&rsquo;organisation Les relations interpersonnelles. Titulaire d\u2019un Master 2 Universitaire et du titre de Psychologue, il travaille dans le respect du Code de\u00a0D\u00e9ontologie des psychologues, et est donc soumis au respect du secret professionnel. Il Travaille en \u00e9quipe: M\u00e9decin du Travail, ergonome, ing\u00e9nieur pr\u00e9vention, hygi\u00e9niste, infirmier sant\u00e9 travail\u2026 r\u00e9unis autour d\u2019une mission commune: \u00ab Les services de sant\u00e9 au travail ont pour mission exclusive d&rsquo;\u00e9viter toute alt\u00e9ration de la sant\u00e9 des travailleurs du fait de leur travail \u00bb (cf Article L4622-2). L\u2019utilisation d\u2019outils sp\u00e9cifiques et ad\u00e9quats rend son travail indispensable pour l\u2019entreprise et pour le salari\u00e9. C\u2019est pourquoi, il est une v\u00e9ritable ressource aussi bien pour l\u2019organisation, que pour ses salari\u00e9s. Dynamixia est un cabinet de psychologie du travail, de coaching et de formation, sp\u00e9cialis\u00e9 dans l\u2019accompagnement dynamique des personnes en situation d\u2019arr\u00eat ou de rupture avec le milieu professionnel depuis trop longtemps. Notre mission: de la m\u00eame fa\u00e7on qu\u2019une cure de vitamines vous aide \u00e0 commencer votre journ\u00e9e avec le plein de vitalit\u00e9, nous vous aidons \u00e0 commencer, \u00e0 reprendre ou \u00e0 terminer votre carri\u00e8re sur une base dynamique et motivante. Le Psychologue du Travail a pour mission de s\u2019int\u00e9resser \u00e0 l\u2019Homme dans son milieu de travail et aux conduites humaines dans une organisation. La psychologie ne s&rsquo;adresse pas aux \u00ab\u00a0fous\u00a0\u00bb ! Une consultation psy est avant tout une relation d&rsquo;aide, un moment privil\u00e9gi\u00e9 pour vider votre sac, vous lib\u00e9rer de ce qui vous tourmente et vous donne l&rsquo;impression de perdre pied, de \u00ab\u00a0devenir fou\u00a0\u00bb. C&rsquo;est aussi l&rsquo;opportunit\u00e9 de faire le point, de vous poser les bonnes questions et de tenter d&rsquo;y r\u00e9pondre avec des bonnes armes que le psychologue vous aura soigneusement confi\u00e9es. Alors, avez-vous besoin d&rsquo;un psy? \ud83d\ude42 &nbsp;","og_url":"https:\/\/dynamixia.fr\/index.php\/contact\/","og_site_name":"Lucie Ducap Psychologue","article_publisher":"https:\/\/www.facebook.com\/monatelierpsy\/","article_modified_time":"2018-03-14T10:54:55+00:00","twitter_card":"summary_large_image","twitter_misc":{"Dur\u00e9e de lecture estim\u00e9e":"2 minutes"},"schema":{"@context":"https:\/\/schema.org","@graph":[{"@type":"WebPage","@id":"https:\/\/dynamixia.fr\/index.php\/contact\/","url":"https:\/\/dynamixia.fr\/index.php\/contact\/","name":"Ai-je besoin d'un psy? - Lucie Ducap Psychologue","isPartOf":{"@id":"https:\/\/dynamixia.fr\/#website"},"datePublished":"2017-11-29T18:35:32+00:00","dateModified":"2018-03-14T10:54:55+00:00","breadcrumb":{"@id":"https:\/\/dynamixia.fr\/index.php\/contact\/#breadcrumb"},"inLanguage":"fr-FR","potentialAction":[{"@type":"ReadAction","target":["https:\/\/dynamixia.fr\/index.php\/contact\/"]}]},{"@type":"BreadcrumbList","@id":"https:\/\/dynamixia.fr\/index.php\/contact\/#breadcrumb","itemListElement":[{"@type":"ListItem","position":1,"name":"Accueil","item":"https:\/\/dynamixia.fr\/"},{"@type":"ListItem","position":2,"name":"Ai-je besoin d&rsquo;un psy?"}]},{"@type":"WebSite","@id":"https:\/\/dynamixia.fr\/#website","url":"https:\/\/dynamixia.fr\/","name":"Psychologie du travail - Lucie Ducap","description":"Cabinet de psychologie du travail - Meilleure Psychologue \u00e0 Saint-Denis R\u00e9union 97400","potentialAction":[{"@type":"SearchAction","target":{"@type":"EntryPoint","urlTemplate":"https:\/\/dynamixia.fr\/?s={search_term_string}"},"query-input":{"@type":"PropertyValueSpecification","valueRequired":true,"valueName":"search_term_string"}}],"inLanguage":"fr-FR"}]}},"acf":[],"_links":{"self":[{"href":"https:\/\/dynamixia.fr\/index.php\/wp-json\/wp\/v2\/pages\/9","targetHints":{"allow":["GET"]}}],"collection":[{"href":"https:\/\/dynamixia.fr\/index.php\/wp-json\/wp\/v2\/pages"}],"about":[{"href":"https:\/\/dynamixia.fr\/index.php\/wp-json\/wp\/v2\/types\/page"}],"author":[{"embeddable":true,"href":"https:\/\/dynamixia.fr\/index.php\/wp-json\/wp\/v2\/users\/1"}],"replies":[{"embeddable":true,"href":"https:\/\/dynamixia.fr\/index.php\/wp-json\/wp\/v2\/comments?post=9"}],"version-history":[{"count":12,"href":"https:\/\/dynamixia.fr\/index.php\/wp-json\/wp\/v2\/pages\/9\/revisions"}],"predecessor-version":[{"id":46,"href":"https:\/\/dynamixia.fr\/index.php\/wp-json\/wp\/v2\/pages\/9\/revisions\/46"}],"wp:attachment":[{"href":"https:\/\/dynamixia.fr\/index.php\/wp-json\/wp\/v2\/media?parent=9"}],"curies":[{"name":"wp","href":"https:\/\/api.w.org\/{rel}","templated":true}]}}